{"id":95021,"date":"2026-03-24T16:06:06","date_gmt":"2026-03-24T20:06:06","guid":{"rendered":"https:\/\/informedperspectives.org\/btp-campaign\/"},"modified":"2026-03-31T13:55:41","modified_gmt":"2026-03-31T17:55:41","slug":"btp-campaign","status":"publish","type":"page","link":"https:\/\/informedperspectives.org\/fr\/btp-campaign\/","title":{"rendered":"BtP Campaign"},"content":{"rendered":"\n<div id=\"hero-block_7c0075a5b4297a0986da5a7aed96a250\" class=\"main-hero-block  transparent none disable\">\n    <div class=\"container-fluid max-1392\">\n        <div class=\"row align-items-center\">\n            <div class=\"col-12 text-center\">\n                <div class=\"hero-content\">\n                                            <h1><strong>Les hommes occupent toujours 70% des si\u00e8ges au Parlement. <\/strong><\/h1>\n<h1>Tol\u00e9rer une telle situation rel\u00e8ve d&rsquo;un choix que nous ne pouvons plus assumer.<\/h1>\n<h3><b style=\"color: #3b5bb0;\">Aux quatre coins du monde<\/b><span style=\"font-weight: 400;\"> &#8211; de l&rsquo;\u00c9thiopie \u00e0 l&rsquo;Islande, de l&rsquo;Ouzb\u00e9kistan \u00e0 l&rsquo;Australie &#8211; des pays ont <\/span><b style=\"color: #3b5bb0;\">tourn\u00e9 le dos aux avanc\u00e9es progressives<\/b><span style=\"font-weight: 400;\"> et ont opt\u00e9 <\/span><b style=\"color: #3b5bb0;\">pour des changements syst\u00e9miques.<\/b><\/h3>\n                                                                <div class=\"cta\">\n                            <a href=\"#payment\" class=\"btn btn-filled\"\n                                target=\"\">\n                                Joignez-vous au mouvement                            <\/a>\n                        <\/div>\n                                    <\/div>\n                                \n            <\/div>\n        <\/div>\n    <\/div>\n<\/div>\n\n\n<section class=\"content-image  transparent p-48\" >\n    <div class=\"container p-lg-0\">\n        <div class=\"row align-items-center justify-content-between revert revert\">\n            <div class=\"col-lg-6\">\n                <div class=\"main-content hs-24\">\n                                            <h2><strong><span class=\"a_GcMg font-feature-liga-off font-feature-clig-off font-feature-calt-off text-decoration-none text-strikethrough-none\">Nous devons, nous aussi, faire en sorte que le syst\u00e8me \u00e9lectoral canadien impose aux partis politiques de pr\u00e9senter un nombre \u00e9gal de femmes et d\u2019hommes.<\/span><\/strong><\/h2>\n<p><span style=\"font-weight: 400;\">Lorsque les perspectives des femmes sont v\u00e9ritablement prises en compte dans l\u2019\u00e9laboration des politiques, le financement des services de garde est assur\u00e9, l\u2019action climatique est prioris\u00e9e, la sant\u00e9 maternelle cesse d\u2019\u00eatre marginalis\u00e9e et les syst\u00e8mes d\u2019intelligence artificielle ne perp\u00e9tuent plus de biais sexistes.<\/span><\/p>\n<p><span style=\"font-weight: 400;\">Il faut d\u00e8s maintenant pousser les d\u00e9cideurs \u00e0 adopter des r\u00e9formes structurelles.<\/span><\/p>\n<p>&nbsp;<\/p>\n                                                                            <\/div>\n            <\/div>\n                        <div class=\"col-lg-6\">\n                <figure class=\"text-end\">\n                    <img decoding=\"async\" src=\"https:\/\/informedperspectives.org\/wp-content\/uploads\/2026\/03\/65c2922dd9bc0.image_.jpg\" \n                         alt=\"Image of Karina Gould holding baby\" \n                         class=\"img-fluid\">\n                <\/figure>\n            <\/div>\n                    <\/div>\n    <\/div>\n<\/section>\n\n\n<h2 class=\"wp-block-heading\" id=\"payment\"><\/h2>\n\n\n\n<div id=\"hero-block_74e3dd9a8540fdde4ccbbcdc4c9b8ad7\" class=\"main-hero-block  transparent none disable\">\n    <div class=\"container-fluid max-1392\">\n        <div class=\"row align-items-center\">\n            <div class=\"col-12 text-center\">\n                <div class=\"hero-content\">\n                                            <h1><b><span style=\"color: #3b5bb0;\">La \u00ab volont\u00e9 politique \u00bb n\u2019est pas fig\u00e9e : nous pouvons l\u2019influencer &#8211; \u00e0 condition de nous mobiliser.\u00a0<\/span><\/b><\/h1>\n<h3><span style=\"font-weight: 400;\">D\u00e9montrer clairement, par une mobilisation collective, qu\u2019un enjeu est important rend les responsables politiques beaucoup plus enclins \u00e0 y pr\u00eater attention et \u00e0 agir.<\/span><span style=\"font-weight: 400;\"><br \/>\n<\/span><\/h3>\n<p class=\"max-702\">&nbsp;<\/p>\n<p class=\"max-702\">&nbsp;<\/p>\n<h1 style=\"text-align: center;\"><span style=\"color: #c72c72;\"><strong>Joignez-vous au mouvement<br \/>\n<\/strong><\/span><\/h1>\n<p class=\"max-702\">&nbsp;<\/p>\n<h2 style=\"text-align: center;\"><strong>1. Commandez un foulard<\/strong><\/h2>\n<h3 style=\"text-align: center;\"><span style=\"font-weight: 400;\">Les foulards sont gratuits. Vous n\u2019avez qu\u2019\u00e0 couvrir les frais de livraison pour participer. <\/span><\/h3>\n<p class=\"max-702\" style=\"text-align: center;\">Pour toute commande de plus de 10 foulards, \u00e9crivez-nous \u00e0 <span style=\"color: #c72c72;\"><a style=\"color: #c72c72;\" href=\"mailto:info@informedperspectives.org\">info@informedperspectives.org<\/a><\/span>.<\/p>\n                                                        <\/div>\n                                \n            <\/div>\n        <\/div>\n    <\/div>\n<\/div>\n\n\n<script async src=\"https:\/\/js.stripe.com\/v3\/pricing-table.js\"><\/script>\n<stripe-pricing-table pricing-table-id=\"prctbl_1TH4kXK4M2KNmYhs6n5q4XkH\"\npublishable-key=\"pk_live_51M5XSZK4M2KNmYhsQofHOaTLcsNpuoX3uGzw91PW9wnzK7nSkZypRFN6IyCAzVpz4xz7980EVYQV9ujFYk9LVlix007gsEibUl\">\n<\/stripe-pricing-table>\n\n\n\n<div style=\"height:33px\" aria-hidden=\"true\" class=\"wp-block-spacer\"><\/div>\n\n\n\n<div id=\"hero-block_f40bdf469a484bf85252e0c11e023bd7\" class=\"main-hero-block  transparent none disable\">\n    <div class=\"container-fluid max-1392\">\n        <div class=\"row align-items-center\">\n            <div class=\"col-12 text-center\">\n                <div class=\"hero-content\">\n                                            <h2 style=\"text-align: center;\"><strong>2. Dites pourquoi \u00e7a compte pour vous<\/strong><\/h2>\n<h3 style=\"text-align: center;\"><span style=\"font-weight: 400;\">Prenez un selfie. <\/span><span style=\"font-weight: 400;\">\u00c9crivez une phrase sur l\u2019importance de la repr\u00e9sentation paritaire pour vous. Publiez-la avec le mot-clic #BalanceThePower <\/span><\/h3>\n<h2 style=\"text-align: center;\"><\/h2>\n<h2 style=\"text-align: center;\"><strong>3. Identifiez-nous et faites circuler le message<\/strong><\/h2>\n<h3 style=\"text-align: center;\"><span style=\"font-weight: 400;\">Identifiez-nous sur les r\u00e9seaux sociaux : nous relaierons votre publication et la partagerons avec des d\u00e9cideurs et des d\u00e9cideuses.<\/span><\/h3>\n<p class=\"max-702\" style=\"text-align: center;\">LinkedIn : <a href=\"https:\/\/www.linkedin.com\/company\/informed-opinions\/\">@InformedPerspectives<\/a><br \/>\nInstagram : <a href=\"https:\/\/www.instagram.com\/balancepowernow\">@BalancePowerNow<\/a><br \/>\nBlueSky : <a href=\"https:\/\/bsky.app\/profile\/informedops.bsky.social\">@InformedOps<\/a> ou <a href=\"https:\/\/bsky.app\/profile\/persplurielles.bsky.social\">@Persplurielles<\/a><\/p>\n<p class=\"max-702\">&nbsp;<\/p>\n<p class=\"max-702\">&nbsp;<\/p>\n<h2 style=\"text-align: center;\"><strong><span style=\"color: #c72c72;\">AGISSEZ D\u00c8S MAINTENANT. SOYEZ VU\u00b7E. FAITES BOUGER LES CHOSES.<\/span><br \/>\n<\/strong><span style=\"font-weight: 400;\">Faites partie d\u2019un mouvement qui ne passera pas inaper\u00e7u.<\/span><span style=\"font-weight: 400;\">. <\/span><\/h2>\n                                                        <\/div>\n                                \n            <\/div>\n        <\/div>\n    <\/div>\n<\/div>\n\n\n<div style=\"height:17px\" aria-hidden=\"true\" class=\"wp-block-spacer\"><\/div>\n\n\n\n<div class=\"wp-block-jetpack-tiled-gallery aligncenter is-style-rectangular\"><div class=\"\"><div class=\"tiled-gallery__gallery\"><div class=\"tiled-gallery__row\"><div class=\"tiled-gallery__col\" style=\"flex-basis:33.33333%\"><figure class=\"tiled-gallery__item\"><img decoding=\"async\" srcset=\"https:\/\/i0.wp.com\/informedperspectives.org\/wp-content\/uploads\/2026\/03\/Balance-the-Power-mock-up-13.png?strip=info&#038;w=540&#038;ssl=1 540w\" alt=\"\" data-height=\"675\" data-id=\"95027\" data-link=\"https:\/\/informedperspectives.org\/fr\/?attachment_id=95027\" data-url=\"https:\/\/informedperspectives.org\/wp-content\/uploads\/2026\/03\/Balance-the-Power-mock-up-13.png\" data-width=\"540\" src=\"https:\/\/i0.wp.com\/informedperspectives.org\/wp-content\/uploads\/2026\/03\/Balance-the-Power-mock-up-13.png?ssl=1\" data-amp-layout=\"responsive\"\/><\/figure><\/div><div class=\"tiled-gallery__col\" style=\"flex-basis:33.33333%\"><figure class=\"tiled-gallery__item\"><img decoding=\"async\" srcset=\"https:\/\/i0.wp.com\/informedperspectives.org\/wp-content\/uploads\/2026\/03\/1-819x1024.png?strip=info&#038;w=600&#038;ssl=1 600w,https:\/\/i0.wp.com\/informedperspectives.org\/wp-content\/uploads\/2026\/03\/1-819x1024.png?strip=info&#038;w=900&#038;ssl=1 900w,https:\/\/i0.wp.com\/informedperspectives.org\/wp-content\/uploads\/2026\/03\/1-819x1024.png?strip=info&#038;w=1080&#038;ssl=1 1080w\" alt=\"\" data-height=\"1350\" data-id=\"95025\" data-link=\"https:\/\/informedperspectives.org\/fr\/?attachment_id=95025\" data-url=\"https:\/\/informedperspectives.org\/wp-content\/uploads\/2026\/03\/1-819x1024.png\" data-width=\"1080\" src=\"https:\/\/i0.wp.com\/informedperspectives.org\/wp-content\/uploads\/2026\/03\/1-819x1024.png?ssl=1\" data-amp-layout=\"responsive\"\/><\/figure><\/div><div class=\"tiled-gallery__col\" style=\"flex-basis:33.33333%\"><figure class=\"tiled-gallery__item\"><img decoding=\"async\" srcset=\"https:\/\/i0.wp.com\/informedperspectives.org\/wp-content\/uploads\/2026\/03\/Balance-the-Power-mock-up-14.png?strip=info&#038;w=540&#038;ssl=1 540w\" alt=\"\" data-height=\"675\" data-id=\"95029\" data-link=\"https:\/\/informedperspectives.org\/fr\/?attachment_id=95029\" data-url=\"https:\/\/informedperspectives.org\/wp-content\/uploads\/2026\/03\/Balance-the-Power-mock-up-14.png\" data-width=\"540\" src=\"https:\/\/i0.wp.com\/informedperspectives.org\/wp-content\/uploads\/2026\/03\/Balance-the-Power-mock-up-14.png?ssl=1\" data-amp-layout=\"responsive\"\/><\/figure><\/div><\/div><\/div><\/div><\/div>\n\n\n\n<div style=\"height:100px\" aria-hidden=\"true\" class=\"wp-block-spacer\"><\/div>\n","protected":false},"excerpt":{"rendered":"","protected":false},"author":1,"featured_media":0,"parent":0,"menu_order":0,"comment_status":"closed","ping_status":"closed","template":"","meta":{"_acf_changed":false,"footnotes":""},"class_list":["post-95021","page","type-page","status-publish","hentry"],"acf":[],"yoast_head":"<!-- This site is optimized with the Yoast SEO plugin v26.6 - https:\/\/yoast.com\/wordpress\/plugins\/seo\/ -->\n<title>BtP Campaign - Informed Perspectives<\/title>\n<meta name=\"robots\" content=\"index, follow, max-snippet:-1, max-image-preview:large, max-video-preview:-1\" \/>\n<link rel=\"canonical\" href=\"https:\/\/informedperspectives.org\/fr\/btp-campaign\/\" \/>\n<meta property=\"og:locale\" content=\"fr_FR\" \/>\n<meta property=\"og:type\" content=\"article\" \/>\n<meta property=\"og:title\" content=\"BtP Campaign - Informed Perspectives\" \/>\n<meta property=\"og:url\" content=\"https:\/\/informedperspectives.org\/fr\/btp-campaign\/\" \/>\n<meta property=\"og:site_name\" content=\"Informed Perspectives\" \/>\n<meta property=\"article:modified_time\" content=\"2026-03-31T17:55:41+00:00\" \/>\n<meta property=\"og:image\" content=\"https:\/\/i0.wp.com\/informedperspectives.org\/wp-content\/uploads\/2026\/03\/Balance-the-Power-mock-up-13.png?ssl=1\" \/>\n<meta name=\"twitter:card\" content=\"summary_large_image\" \/>\n<meta name=\"twitter:label1\" content=\"Dur\u00e9e de lecture estim\u00e9e\" \/>\n\t<meta name=\"twitter:data1\" content=\"1 minute\" \/>\n<script type=\"application\/ld+json\" class=\"yoast-schema-graph\">{\"@context\":\"https:\/\/schema.org\",\"@graph\":[{\"@type\":\"WebPage\",\"@id\":\"https:\/\/informedperspectives.org\/fr\/btp-campaign\/\",\"url\":\"https:\/\/informedperspectives.org\/fr\/btp-campaign\/\",\"name\":\"BtP Campaign - Informed Perspectives\",\"isPartOf\":{\"@id\":\"https:\/\/informedperspectives.org\/fr\/#website\"},\"primaryImageOfPage\":{\"@id\":\"https:\/\/informedperspectives.org\/fr\/btp-campaign\/#primaryimage\"},\"image\":{\"@id\":\"https:\/\/informedperspectives.org\/fr\/btp-campaign\/#primaryimage\"},\"thumbnailUrl\":\"https:\/\/i0.wp.com\/informedperspectives.org\/wp-content\/uploads\/2026\/03\/Balance-the-Power-mock-up-13.png?ssl=1\",\"datePublished\":\"2026-03-24T20:06:06+00:00\",\"dateModified\":\"2026-03-31T17:55:41+00:00\",\"breadcrumb\":{\"@id\":\"https:\/\/informedperspectives.org\/fr\/btp-campaign\/#breadcrumb\"},\"inLanguage\":\"fr-FR\",\"potentialAction\":[{\"@type\":\"ReadAction\",\"target\":[\"https:\/\/informedperspectives.org\/fr\/btp-campaign\/\"]}]},{\"@type\":\"ImageObject\",\"inLanguage\":\"fr-FR\",\"@id\":\"https:\/\/informedperspectives.org\/fr\/btp-campaign\/#primaryimage\",\"url\":\"https:\/\/i0.wp.com\/informedperspectives.org\/wp-content\/uploads\/2026\/03\/Balance-the-Power-mock-up-13.png?ssl=1\",\"contentUrl\":\"https:\/\/i0.wp.com\/informedperspectives.org\/wp-content\/uploads\/2026\/03\/Balance-the-Power-mock-up-13.png?ssl=1\"},{\"@type\":\"BreadcrumbList\",\"@id\":\"https:\/\/informedperspectives.org\/fr\/btp-campaign\/#breadcrumb\",\"itemListElement\":[{\"@type\":\"ListItem\",\"position\":1,\"name\":\"Home\",\"item\":\"https:\/\/informedperspectives.org\/fr\/\"},{\"@type\":\"ListItem\",\"position\":2,\"name\":\"BtP Campaign\"}]},{\"@type\":\"WebSite\",\"@id\":\"https:\/\/informedperspectives.org\/fr\/#website\",\"url\":\"https:\/\/informedperspectives.org\/fr\/\",\"name\":\"Informed Perspectives\",\"description\":\"Informed Perspectives amplifies the voices of women and gender-diverse people for a more equitable society\",\"potentialAction\":[{\"@type\":\"SearchAction\",\"target\":{\"@type\":\"EntryPoint\",\"urlTemplate\":\"https:\/\/informedperspectives.org\/fr\/?s={search_term_string}\"},\"query-input\":{\"@type\":\"PropertyValueSpecification\",\"valueRequired\":true,\"valueName\":\"search_term_string\"}}],\"inLanguage\":\"fr-FR\"}]}<\/script>\n<!-- \/ Yoast SEO plugin. -->","yoast_head_json":{"title":"BtP Campaign - Informed Perspectives","robots":{"index":"index","follow":"follow","max-snippet":"max-snippet:-1","max-image-preview":"max-image-preview:large","max-video-preview":"max-video-preview:-1"},"canonical":"https:\/\/informedperspectives.org\/fr\/btp-campaign\/","og_locale":"fr_FR","og_type":"article","og_title":"BtP Campaign - Informed Perspectives","og_url":"https:\/\/informedperspectives.org\/fr\/btp-campaign\/","og_site_name":"Informed Perspectives","article_modified_time":"2026-03-31T17:55:41+00:00","og_image":[{"url":"https:\/\/i0.wp.com\/informedperspectives.org\/wp-content\/uploads\/2026\/03\/Balance-the-Power-mock-up-13.png?ssl=1","type":"","width":"","height":""}],"twitter_card":"summary_large_image","twitter_misc":{"Dur\u00e9e de lecture estim\u00e9e":"1 minute"},"schema":{"@context":"https:\/\/schema.org","@graph":[{"@type":"WebPage","@id":"https:\/\/informedperspectives.org\/fr\/btp-campaign\/","url":"https:\/\/informedperspectives.org\/fr\/btp-campaign\/","name":"BtP Campaign - Informed Perspectives","isPartOf":{"@id":"https:\/\/informedperspectives.org\/fr\/#website"},"primaryImageOfPage":{"@id":"https:\/\/informedperspectives.org\/fr\/btp-campaign\/#primaryimage"},"image":{"@id":"https:\/\/informedperspectives.org\/fr\/btp-campaign\/#primaryimage"},"thumbnailUrl":"https:\/\/i0.wp.com\/informedperspectives.org\/wp-content\/uploads\/2026\/03\/Balance-the-Power-mock-up-13.png?ssl=1","datePublished":"2026-03-24T20:06:06+00:00","dateModified":"2026-03-31T17:55:41+00:00","breadcrumb":{"@id":"https:\/\/informedperspectives.org\/fr\/btp-campaign\/#breadcrumb"},"inLanguage":"fr-FR","potentialAction":[{"@type":"ReadAction","target":["https:\/\/informedperspectives.org\/fr\/btp-campaign\/"]}]},{"@type":"ImageObject","inLanguage":"fr-FR","@id":"https:\/\/informedperspectives.org\/fr\/btp-campaign\/#primaryimage","url":"https:\/\/i0.wp.com\/informedperspectives.org\/wp-content\/uploads\/2026\/03\/Balance-the-Power-mock-up-13.png?ssl=1","contentUrl":"https:\/\/i0.wp.com\/informedperspectives.org\/wp-content\/uploads\/2026\/03\/Balance-the-Power-mock-up-13.png?ssl=1"},{"@type":"BreadcrumbList","@id":"https:\/\/informedperspectives.org\/fr\/btp-campaign\/#breadcrumb","itemListElement":[{"@type":"ListItem","position":1,"name":"Home","item":"https:\/\/informedperspectives.org\/fr\/"},{"@type":"ListItem","position":2,"name":"BtP Campaign"}]},{"@type":"WebSite","@id":"https:\/\/informedperspectives.org\/fr\/#website","url":"https:\/\/informedperspectives.org\/fr\/","name":"Informed Perspectives","description":"Informed Perspectives amplifies the voices of women and gender-diverse people for a more equitable society","potentialAction":[{"@type":"SearchAction","target":{"@type":"EntryPoint","urlTemplate":"https:\/\/informedperspectives.org\/fr\/?s={search_term_string}"},"query-input":{"@type":"PropertyValueSpecification","valueRequired":true,"valueName":"search_term_string"}}],"inLanguage":"fr-FR"}]}},"jetpack_sharing_enabled":true,"_links":{"self":[{"href":"https:\/\/informedperspectives.org\/fr\/wp-json\/wp\/v2\/pages\/95021","targetHints":{"allow":["GET"]}}],"collection":[{"href":"https:\/\/informedperspectives.org\/fr\/wp-json\/wp\/v2\/pages"}],"about":[{"href":"https:\/\/informedperspectives.org\/fr\/wp-json\/wp\/v2\/types\/page"}],"author":[{"embeddable":true,"href":"https:\/\/informedperspectives.org\/fr\/wp-json\/wp\/v2\/users\/1"}],"replies":[{"embeddable":true,"href":"https:\/\/informedperspectives.org\/fr\/wp-json\/wp\/v2\/comments?post=95021"}],"version-history":[{"count":8,"href":"https:\/\/informedperspectives.org\/fr\/wp-json\/wp\/v2\/pages\/95021\/revisions"}],"predecessor-version":[{"id":95037,"href":"https:\/\/informedperspectives.org\/fr\/wp-json\/wp\/v2\/pages\/95021\/revisions\/95037"}],"wp:attachment":[{"href":"https:\/\/informedperspectives.org\/fr\/wp-json\/wp\/v2\/media?parent=95021"}],"curies":[{"name":"wp","href":"https:\/\/api.w.org\/{rel}","templated":true}]}}