{"id":94911,"date":"2026-02-19T12:23:52","date_gmt":"2026-02-19T17:23:52","guid":{"rendered":"https:\/\/informedperspectives.org\/?page_id=94911"},"modified":"2026-04-02T13:06:28","modified_gmt":"2026-04-02T17:06:28","slug":"equilibrion-les-pouvoirs","status":"publish","type":"page","link":"https:\/\/informedperspectives.org\/fr\/equilibrion-les-pouvoirs\/","title":{"rendered":"\u00c9quilibrion les pouvoirs"},"content":{"rendered":"\n<p><\/p>\n\n\n\n<div id=\"hero-block_5ef9a5e2cf85408156e9a90163735146\" class=\"main-hero-block  transparent none disable\">\n    <div class=\"container-fluid max-1392\">\n        <div class=\"row align-items-center\">\n            <div class=\"col-12 text-center\">\n                <div class=\"hero-content\">\n                                            <div style=\"display: flex; flex-wrap: wrap; align-items: center; gap: 40px;\">\n<p class=\"max-702\"><!-- LEFT COLUMN (TEXT) --><\/p>\n<div style=\"flex: 1; min-width: 300px;\">\n<h1><b>Tenons-nous aux c\u00f4t\u00e9s des Canadiens et des Canadiennes<\/b><\/h1>\n<h4 style=\"font-weight: 400;\"><span style=\"font-weight: 400;\"><strong>86% des Canadiennes et Canadiens<\/strong> estiment qu\u2019une repr\u00e9sentation \u00e9gale des femmes et des hommes en politique peut renforcer notre \u00e9conomie et am\u00e9liorer la prise de d\u00e9cision, en plus de refl\u00e9ter davantage les valeurs canadiennes.<\/span><\/h4>\n<\/div>\n<p class=\"max-702\"><!-- RIGHT COLUMN (VIDEO) --><\/p>\n<div style=\"flex: 1; min-width: 300px; position: relative; padding-top: 56.25%; border-radius: 8px; overflow: hidden; box-shadow: 0 2px 8px rgba(63,69,81,0.16);\"><iframe style=\"position: absolute; top: 0; left: 0; width: 100%; height: 100%; border: none;\" src=\"https:\/\/www.canva.com\/design\/DAHBsua-oC0\/bcSsWETAwCNgfjCPtLgvIg\/watch?embed\" allowfullscreen=\"allowfullscreen\"><br \/>\n<\/iframe><\/div>\n<\/div>\n                                                        <\/div>\n                                \n            <\/div>\n        <\/div>\n    <\/div>\n<\/div>\n\n\n<section class=\"color-cards  transparent\" >\n    <div class=\"container p-lg-0\">\n                    <div class=\"row\">\n                <div class=\"col-12\">\n                    <div class=\"top-content\">\n                        <p>&nbsp;<\/p>\n<h2><b>Un enjeu de confiance envers les institutions publiques<\/b><\/h2>\n<p>&nbsp;<\/p>\n                    <\/div>\n                <\/div>\n            <\/div>\n        \n                    <div\n                class=\"row align-items-center justify-content-between mt-56 mb-56\">\n                                    <div class=\"col-lg-4 col-md-6 \">\n                        <div class=\"card-item primary-dark-blue h-100 mb-24\">\n                            <div class=\"card-item-body\">\n                                \n                                                                    <div class=\"card-item-content\">\n                                        <p><span style=\"color: #ffffff;\"><b>L\u00e9gitimit\u00e9<\/b> <\/span><\/p>\n<p><span style=\"font-weight: 400; color: #ffffff;\">Les \u00e9lectrices et \u00e9lecteurs per\u00e7oivent les instances d\u00e9cisionnelles paritaires comme \u00e9tant plus dignes de confiance, plus \u00e9quitables et plus d\u00e9mocratiques.<\/span><\/p>\n                                    <\/div>\n                                                            <\/div>\n                        <\/div>\n                    <\/div>\n                                    <div class=\"col-lg-4 col-md-6 \">\n                        <div class=\"card-item primary-plum h-100 mb-24\">\n                            <div class=\"card-item-body\">\n                                \n                                                                    <div class=\"card-item-content\">\n                                        <p><span style=\"color: #ffffff;\"><b>Cr\u00e9dibilit\u00e9<\/b><\/span><\/p>\n<p><span style=\"color: #ffffff;\"><b><br \/>\n<\/b><span style=\"font-weight: 400;\">L\u2019absence de parit\u00e9 envoie \u00e0 la communaut\u00e9 internationale le signal que le Canada n\u2019est pas pleinement engag\u00e9 envers l\u2019\u00e9galit\u00e9.<\/span><\/p>\n                                    <\/div>\n                                                            <\/div>\n                        <\/div>\n                    <\/div>\n                                    <div class=\"col-lg-4 col-md-6 \">\n                        <div class=\"card-item primary-dark-teal h-100 mb-0\">\n                            <div class=\"card-item-body\">\n                                \n                                                                    <div class=\"card-item-content\">\n                                        <p><span style=\"color: #ffffff;\"><b>Repr\u00e9sentation<\/b><\/span><\/p>\n<p><span style=\"color: #ffffff;\"><span style=\"font-weight: 400;\"><br \/>\n<\/span><span style=\"font-weight: 400;\">Accepter la surrepr\u00e9sentation des hommes entretient l\u2019id\u00e9e que les femmes n\u2019ont pas leur place en politique.<\/span><\/span><\/p>\n                                    <\/div>\n                                                            <\/div>\n                        <\/div>\n                    <\/div>\n                            <\/div>\n        \n            <\/div>\n    <\/section>\n\n\n<div id=\"hero-block_8f7beb34d4df6ab7ac9ce0c9e42c6c6d\" class=\"main-hero-block  text-white primary-dark-plum sub-main-hero pt-100\">\n    <div class=\"container-fluid max-1392\">\n        <div class=\"row align-items-center\">\n            <div class=\"col-12 text-center\">\n                <div class=\"hero-content\">\n                                            <h2><b>Pourtant, nous perdons du terrain. Le Canada accuse d\u00e9sormais un retard par rapport aux autres d\u00e9mocraties. <\/b><\/h2>\n<p class=\"max-702\"><span style=\"font-weight: 400;\">Les Canadiennes et Canadiens sont \u00e9galement surpris d\u2019apprendre que le pays se classe aujourd\u2019hui 71\u1d49 sur 181 pays pour la repr\u00e9sentation des femmes en politique, alors qu\u2019il occupait le 28\u1d49 rang en 2000.\u00a0<\/span><\/p>\n<p class=\"max-702\"><span style=\"font-weight: 400;\">En se contentant de changements progressifs plut\u00f4t que d\u2019adopter des mesures structurelles d\u00e9j\u00e0 r\u00e9pandues ailleurs, le Canada se retrouve aujourd\u2019hui en marge des normes observ\u00e9es dans les d\u00e9mocraties comparables.<\/span><\/p>\n<p class=\"max-702\">&nbsp;<\/p>\n                                                        <\/div>\n                                \n            <\/div>\n        <\/div>\n    <\/div>\n<\/div>\n\n\n<div id=\"hero-block_8e58c46010e6e30527e10c4f2e403940\" class=\"main-hero-block  transparent none disable\">\n    <div class=\"container-fluid max-1392\">\n        <div class=\"row align-items-center\">\n            <div class=\"col-12 text-center\">\n                <div class=\"hero-content\">\n                                            <h2><span style=\"color: #c72c72;\"><b>La solution est claire\u00a0<\/b><\/span><\/h2>\n<h3><strong>La repr\u00e9sentation des femmes n\u2019augmente de mani\u00e8re significative que lorsque des r\u00e8gles de parit\u00e9 sont obligatoires.<\/strong><\/h3>\n<p class=\"max-858\"><span style=\"font-weight: 400;\">Des recherches internationales men\u00e9es par la Dre Jennifer Piscopo, du Royal Holloway (Universit\u00e9 de Londres), le d\u00e9montrent. Les partis doivent \u00eatre tenus de pr\u00e9senter un nombre \u00e9gal de femmes et d\u2019hommes candidats, y compris dans des circonscriptions gagnables. Ceux qui ne respectent pas ces r\u00e8gles devraient \u00eatre soumis \u00e0 des sanctions significatives.<\/span><\/p>\n                                                        <\/div>\n                                \n            <\/div>\n        <\/div>\n    <\/div>\n<\/div>\n\n\n<section class=\"create-change-block  transparent\" >\n    <div class=\"container\">\n        <div class=\"row justify-content-between \">\n                            <div class=\"col-lg-4\">\n                    <div class=\"left-content\">\n                        <h3 style=\"margin-bottom: 20px;\"><b>Ce n\u2019est ni compliqu\u00e9, ni co\u00fbteux. Ce n\u2019est m\u00eame pas controvers\u00e9 :<\/b><\/h3>\n<p><span style=\"font-weight: 400;\">\u00c9lu.e.s pour repr\u00e9senter la vision des Canadiennes et Canadiens, vous avez la possibilit\u00e9 de soutenir collectivement ce changement.<\/span><\/p>\n<p><span style=\"font-weight: 400;\">Vous pouvez ainsi renforcer la d\u00e9mocratie canadienne, rehausser notre position sur la sc\u00e8ne internationale et contribuer \u00e0 instaurer la parit\u00e9 en politique\u2026 Tout en inscrivant votre action dans l\u2019histoire.<\/span><br style=\"font-weight: 400;\" \/><\/p>\n                    <\/div>\n                <\/div>\n                        <div class=\"col-lg-8\">\n                                                            <div class=\"align-items-lg-center align-items-md-start align-items-start cta-group\">\n                            <div class=\"title\">\n                                                            <\/div>\n                            <div class=\"link\">\n                                                                    <a class=\"btn btn-arrow\" href=\"https:\/\/informedperspectives.org\/fr\/btp-campaign\/\"\n                                        target=\"_self\">D\u00e9couvrez notre campagne autour des \u00e9charpes <svg\n                                            xmlns=\"http:\/\/www.w3.org\/2000\/svg\" width=\"24\" height=\"24\" viewBox=\"0 0 24 24\"\n                                            fill=\"none\">\n                                            <path\n                                                d=\"M20.6475 12.3971L13.8975 19.1471C13.7909 19.2465 13.6498 19.3006 13.5041 19.298C13.3584 19.2955 13.2193 19.2364 13.1163 19.1334C13.0132 19.0303 12.9542 18.8913 12.9516 18.7455C12.949 18.5998 13.0031 18.4588 13.1025 18.3521L18.8916 12.5621H3.75C3.60082 12.5621 3.45774 12.5029 3.35225 12.3974C3.24676 12.2919 3.1875 12.1488 3.1875 11.9996C3.1875 11.8505 3.24676 11.7074 3.35225 11.6019C3.45774 11.4964 3.60082 11.4371 3.75 11.4371H18.8916L13.1025 5.64714C13.0031 5.54051 12.949 5.39947 12.9516 5.25375C12.9542 5.10802 13.0132 4.96898 13.1163 4.86592C13.2193 4.76286 13.3584 4.70383 13.5041 4.70126C13.6498 4.69869 13.7909 4.75278 13.8975 4.85214L20.6475 11.6021C20.7528 11.7076 20.812 11.8506 20.812 11.9996C20.812 12.1487 20.7528 12.2917 20.6475 12.3971Z\"\n                                                fill=\"#8E0043\" \/>\n                                        <\/svg><\/a>\n                                                            <\/div>\n                        <\/div>\n                                            <div class=\"align-items-lg-center align-items-md-start align-items-start cta-group\">\n                            <div class=\"title\">\n                                                            <\/div>\n                            <div class=\"link\">\n                                                                    <a class=\"btn btn-arrow\" href=\"https:\/\/informedperspectives.org\/political-recruitment-has-never-been-a-meritocracy\/\"\n                                        target=\"_blank\">Les politiques de repr\u00e9sentation obligatoire vous pr\u00e9occupent ? Pour en savoir plus. <svg\n                                            xmlns=\"http:\/\/www.w3.org\/2000\/svg\" width=\"24\" height=\"24\" viewBox=\"0 0 24 24\"\n                                            fill=\"none\">\n                                            <path\n                                                d=\"M20.6475 12.3971L13.8975 19.1471C13.7909 19.2465 13.6498 19.3006 13.5041 19.298C13.3584 19.2955 13.2193 19.2364 13.1163 19.1334C13.0132 19.0303 12.9542 18.8913 12.9516 18.7455C12.949 18.5998 13.0031 18.4588 13.1025 18.3521L18.8916 12.5621H3.75C3.60082 12.5621 3.45774 12.5029 3.35225 12.3974C3.24676 12.2919 3.1875 12.1488 3.1875 11.9996C3.1875 11.8505 3.24676 11.7074 3.35225 11.6019C3.45774 11.4964 3.60082 11.4371 3.75 11.4371H18.8916L13.1025 5.64714C13.0031 5.54051 12.949 5.39947 12.9516 5.25375C12.9542 5.10802 13.0132 4.96898 13.1163 4.86592C13.2193 4.76286 13.3584 4.70383 13.5041 4.70126C13.6498 4.69869 13.7909 4.75278 13.8975 4.85214L20.6475 11.6021C20.7528 11.7076 20.812 11.8506 20.812 11.9996C20.812 12.1487 20.7528 12.2917 20.6475 12.3971Z\"\n                                                fill=\"#8E0043\" \/>\n                                        <\/svg><\/a>\n                                                            <\/div>\n                        <\/div>\n                                                <\/div>\n        <\/div>\n    <\/div>\n<\/section>\n\n\n<p><\/p>\n","protected":false},"excerpt":{"rendered":"","protected":false},"author":1,"featured_media":0,"parent":0,"menu_order":0,"comment_status":"closed","ping_status":"closed","template":"","meta":{"_acf_changed":false,"footnotes":""},"class_list":["post-94911","page","type-page","status-publish","hentry"],"acf":[],"yoast_head":"<!-- This site is optimized with the Yoast SEO plugin v26.6 - https:\/\/yoast.com\/wordpress\/plugins\/seo\/ -->\n<title>\u00c9quilibrion les pouvoirs - Informed Perspectives<\/title>\n<meta name=\"robots\" content=\"index, follow, max-snippet:-1, max-image-preview:large, max-video-preview:-1\" \/>\n<link rel=\"canonical\" href=\"https:\/\/informedperspectives.org\/fr\/equilibrion-les-pouvoirs\/\" \/>\n<meta property=\"og:locale\" content=\"fr_FR\" \/>\n<meta property=\"og:type\" content=\"article\" \/>\n<meta property=\"og:title\" content=\"\u00c9quilibrion les pouvoirs - Informed Perspectives\" \/>\n<meta property=\"og:url\" content=\"https:\/\/informedperspectives.org\/fr\/equilibrion-les-pouvoirs\/\" \/>\n<meta property=\"og:site_name\" content=\"Informed Perspectives\" \/>\n<meta property=\"article:modified_time\" content=\"2026-04-02T17:06:28+00:00\" \/>\n<meta name=\"twitter:card\" content=\"summary_large_image\" \/>\n<script type=\"application\/ld+json\" class=\"yoast-schema-graph\">{\"@context\":\"https:\/\/schema.org\",\"@graph\":[{\"@type\":\"WebPage\",\"@id\":\"https:\/\/informedperspectives.org\/fr\/equilibrion-les-pouvoirs\/\",\"url\":\"https:\/\/informedperspectives.org\/fr\/equilibrion-les-pouvoirs\/\",\"name\":\"\u00c9quilibrion les pouvoirs - Informed Perspectives\",\"isPartOf\":{\"@id\":\"https:\/\/informedperspectives.org\/fr\/#website\"},\"datePublished\":\"2026-02-19T17:23:52+00:00\",\"dateModified\":\"2026-04-02T17:06:28+00:00\",\"breadcrumb\":{\"@id\":\"https:\/\/informedperspectives.org\/fr\/equilibrion-les-pouvoirs\/#breadcrumb\"},\"inLanguage\":\"fr-FR\",\"potentialAction\":[{\"@type\":\"ReadAction\",\"target\":[\"https:\/\/informedperspectives.org\/fr\/equilibrion-les-pouvoirs\/\"]}]},{\"@type\":\"BreadcrumbList\",\"@id\":\"https:\/\/informedperspectives.org\/fr\/equilibrion-les-pouvoirs\/#breadcrumb\",\"itemListElement\":[{\"@type\":\"ListItem\",\"position\":1,\"name\":\"Home\",\"item\":\"https:\/\/informedperspectives.org\/fr\/\"},{\"@type\":\"ListItem\",\"position\":2,\"name\":\"\u00c9quilibrion les pouvoirs\"}]},{\"@type\":\"WebSite\",\"@id\":\"https:\/\/informedperspectives.org\/fr\/#website\",\"url\":\"https:\/\/informedperspectives.org\/fr\/\",\"name\":\"Informed Perspectives\",\"description\":\"Informed Perspectives amplifies the voices of women and gender-diverse people for a more equitable society\",\"potentialAction\":[{\"@type\":\"SearchAction\",\"target\":{\"@type\":\"EntryPoint\",\"urlTemplate\":\"https:\/\/informedperspectives.org\/fr\/?s={search_term_string}\"},\"query-input\":{\"@type\":\"PropertyValueSpecification\",\"valueRequired\":true,\"valueName\":\"search_term_string\"}}],\"inLanguage\":\"fr-FR\"}]}<\/script>\n<!-- \/ Yoast SEO plugin. -->","yoast_head_json":{"title":"\u00c9quilibrion les pouvoirs - Informed Perspectives","robots":{"index":"index","follow":"follow","max-snippet":"max-snippet:-1","max-image-preview":"max-image-preview:large","max-video-preview":"max-video-preview:-1"},"canonical":"https:\/\/informedperspectives.org\/fr\/equilibrion-les-pouvoirs\/","og_locale":"fr_FR","og_type":"article","og_title":"\u00c9quilibrion les pouvoirs - Informed Perspectives","og_url":"https:\/\/informedperspectives.org\/fr\/equilibrion-les-pouvoirs\/","og_site_name":"Informed Perspectives","article_modified_time":"2026-04-02T17:06:28+00:00","twitter_card":"summary_large_image","schema":{"@context":"https:\/\/schema.org","@graph":[{"@type":"WebPage","@id":"https:\/\/informedperspectives.org\/fr\/equilibrion-les-pouvoirs\/","url":"https:\/\/informedperspectives.org\/fr\/equilibrion-les-pouvoirs\/","name":"\u00c9quilibrion les pouvoirs - Informed Perspectives","isPartOf":{"@id":"https:\/\/informedperspectives.org\/fr\/#website"},"datePublished":"2026-02-19T17:23:52+00:00","dateModified":"2026-04-02T17:06:28+00:00","breadcrumb":{"@id":"https:\/\/informedperspectives.org\/fr\/equilibrion-les-pouvoirs\/#breadcrumb"},"inLanguage":"fr-FR","potentialAction":[{"@type":"ReadAction","target":["https:\/\/informedperspectives.org\/fr\/equilibrion-les-pouvoirs\/"]}]},{"@type":"BreadcrumbList","@id":"https:\/\/informedperspectives.org\/fr\/equilibrion-les-pouvoirs\/#breadcrumb","itemListElement":[{"@type":"ListItem","position":1,"name":"Home","item":"https:\/\/informedperspectives.org\/fr\/"},{"@type":"ListItem","position":2,"name":"\u00c9quilibrion les pouvoirs"}]},{"@type":"WebSite","@id":"https:\/\/informedperspectives.org\/fr\/#website","url":"https:\/\/informedperspectives.org\/fr\/","name":"Informed Perspectives","description":"Informed Perspectives amplifies the voices of women and gender-diverse people for a more equitable society","potentialAction":[{"@type":"SearchAction","target":{"@type":"EntryPoint","urlTemplate":"https:\/\/informedperspectives.org\/fr\/?s={search_term_string}"},"query-input":{"@type":"PropertyValueSpecification","valueRequired":true,"valueName":"search_term_string"}}],"inLanguage":"fr-FR"}]}},"jetpack_sharing_enabled":true,"_links":{"self":[{"href":"https:\/\/informedperspectives.org\/fr\/wp-json\/wp\/v2\/pages\/94911","targetHints":{"allow":["GET"]}}],"collection":[{"href":"https:\/\/informedperspectives.org\/fr\/wp-json\/wp\/v2\/pages"}],"about":[{"href":"https:\/\/informedperspectives.org\/fr\/wp-json\/wp\/v2\/types\/page"}],"author":[{"embeddable":true,"href":"https:\/\/informedperspectives.org\/fr\/wp-json\/wp\/v2\/users\/1"}],"replies":[{"embeddable":true,"href":"https:\/\/informedperspectives.org\/fr\/wp-json\/wp\/v2\/comments?post=94911"}],"version-history":[{"count":12,"href":"https:\/\/informedperspectives.org\/fr\/wp-json\/wp\/v2\/pages\/94911\/revisions"}],"predecessor-version":[{"id":95087,"href":"https:\/\/informedperspectives.org\/fr\/wp-json\/wp\/v2\/pages\/94911\/revisions\/95087"}],"wp:attachment":[{"href":"https:\/\/informedperspectives.org\/fr\/wp-json\/wp\/v2\/media?parent=94911"}],"curies":[{"name":"wp","href":"https:\/\/api.w.org\/{rel}","templated":true}]}}