{"id":94268,"date":"2025-11-12T18:27:02","date_gmt":"2025-11-12T23:27:02","guid":{"rendered":"https:\/\/informedperspectives.org\/?page_id=94268"},"modified":"2025-11-13T15:57:03","modified_gmt":"2025-11-13T20:57:03","slug":"faites-partie-du-changement","status":"publish","type":"page","link":"https:\/\/informedperspectives.org\/fr\/faites-partie-du-changement\/","title":{"rendered":""},"content":{"rendered":"\n<div id=\"hero-block_d086c7e45678bdeec0a2165dd0c5b474\" class=\"main-hero-block  transparent none disable\">\n    <div class=\"container-fluid max-1392\">\n        <div class=\"row align-items-center\">\n            <div class=\"col-12 text-center\">\n                <div class=\"hero-content\">\n                                            <h1 style=\"text-align: center;\"><span style=\"color: #c72c72;\"><strong>Faites partie du changement, d\u00e8s maintenant<\/strong><\/span><\/h1>\n<p class=\"max-702\" style=\"text-align: center;\">Votre don contribue \u00e0 faire entendre la voix des femmes et des personnes de diverses identit\u00e9s de genre, mais aussi \u00e0 avoir un impact sur les voix qu\u2019on met de l\u2019avant, sur les politiques et sur les personnes qui prennent les d\u00e9cisions.<\/p>\n<p class=\"max-702\" style=\"text-align: center;\"><span style=\"font-weight: 400;\">Chaque dollar est revers\u00e9 \u00e0 :\u00a0<\/span><\/p>\n<p class=\"max-702\" style=\"text-align: left;\">Outiller des femmes et des expertes de diverses identit\u00e9s de genre afin qu&rsquo;elles puissent communiquer de fa\u00e7on plus convaincante ;<\/p>\n<p class=\"max-702\" style=\"text-align: left;\"><span style=\"font-weight: 400;\">Mettre en relation les journalistes avec des personnes qualifi\u00e9es et des voix diversifi\u00e9es;\u00a0<\/span><\/p>\n<p class=\"max-702\" style=\"text-align: left;\"><span style=\"font-weight: 400;\">Plaider en faveur d&rsquo;une repr\u00e9sentation politique \u00e9quitable, afin que les d\u00e9cisions politiques refl\u00e8tent la r\u00e9alit\u00e9 de chacun.\u00a0<\/span><\/p>\n<p class=\"max-702\" style=\"text-align: center;\"><strong><span style=\"color: #c72c72;\">En ce #GivingTuesday, faites un don pour rendre la politique plus juste et plus \u00e9quitable. <\/span><\/strong><\/p>\n                                                        <\/div>\n                                \n            <\/div>\n        <\/div>\n    <\/div>\n<\/div>\n\n\n<div class=\"keela-embed-form\" data-src=\"https:\/\/give-can.keela.co\/embed\/qDnav4p7q3r3ENCTe\">\n    <div class=\"keela-loading\"><div><\/div><div><\/div><div><\/div><div><\/div><\/div>\n<\/div>\n","protected":false},"excerpt":{"rendered":"","protected":false},"author":1,"featured_media":0,"parent":0,"menu_order":0,"comment_status":"closed","ping_status":"closed","template":"","meta":{"_acf_changed":false,"footnotes":""},"class_list":["post-94268","page","type-page","status-publish","hentry"],"acf":[],"yoast_head":"<!-- This site is optimized with the Yoast SEO plugin v26.6 - https:\/\/yoast.com\/wordpress\/plugins\/seo\/ -->\n<title>- Informed Perspectives<\/title>\n<meta name=\"robots\" content=\"index, follow, max-snippet:-1, max-image-preview:large, max-video-preview:-1\" \/>\n<link rel=\"canonical\" href=\"https:\/\/informedperspectives.org\/fr\/faites-partie-du-changement\/\" \/>\n<meta property=\"og:locale\" content=\"fr_FR\" \/>\n<meta property=\"og:type\" content=\"article\" \/>\n<meta property=\"og:title\" content=\"- Informed Perspectives\" \/>\n<meta property=\"og:url\" content=\"https:\/\/informedperspectives.org\/fr\/faites-partie-du-changement\/\" \/>\n<meta property=\"og:site_name\" content=\"Informed Perspectives\" \/>\n<meta property=\"article:modified_time\" content=\"2025-11-13T20:57:03+00:00\" \/>\n<meta name=\"twitter:card\" content=\"summary_large_image\" \/>\n<script type=\"application\/ld+json\" class=\"yoast-schema-graph\">{\"@context\":\"https:\/\/schema.org\",\"@graph\":[{\"@type\":\"WebPage\",\"@id\":\"https:\/\/informedperspectives.org\/fr\/faites-partie-du-changement\/\",\"url\":\"https:\/\/informedperspectives.org\/fr\/faites-partie-du-changement\/\",\"name\":\"- Informed Perspectives\",\"isPartOf\":{\"@id\":\"https:\/\/informedperspectives.org\/fr\/#website\"},\"datePublished\":\"2025-11-12T23:27:02+00:00\",\"dateModified\":\"2025-11-13T20:57:03+00:00\",\"inLanguage\":\"fr-FR\",\"potentialAction\":[{\"@type\":\"ReadAction\",\"target\":[\"https:\/\/informedperspectives.org\/fr\/faites-partie-du-changement\/\"]}]},{\"@type\":\"WebSite\",\"@id\":\"https:\/\/informedperspectives.org\/fr\/#website\",\"url\":\"https:\/\/informedperspectives.org\/fr\/\",\"name\":\"Informed Perspectives\",\"description\":\"Informed Perspectives amplifies the voices of women and gender-diverse people for a more equitable society\",\"potentialAction\":[{\"@type\":\"SearchAction\",\"target\":{\"@type\":\"EntryPoint\",\"urlTemplate\":\"https:\/\/informedperspectives.org\/fr\/?s={search_term_string}\"},\"query-input\":{\"@type\":\"PropertyValueSpecification\",\"valueRequired\":true,\"valueName\":\"search_term_string\"}}],\"inLanguage\":\"fr-FR\"}]}<\/script>\n<!-- \/ Yoast SEO plugin. -->","yoast_head_json":{"title":"- Informed Perspectives","robots":{"index":"index","follow":"follow","max-snippet":"max-snippet:-1","max-image-preview":"max-image-preview:large","max-video-preview":"max-video-preview:-1"},"canonical":"https:\/\/informedperspectives.org\/fr\/faites-partie-du-changement\/","og_locale":"fr_FR","og_type":"article","og_title":"- Informed Perspectives","og_url":"https:\/\/informedperspectives.org\/fr\/faites-partie-du-changement\/","og_site_name":"Informed Perspectives","article_modified_time":"2025-11-13T20:57:03+00:00","twitter_card":"summary_large_image","schema":{"@context":"https:\/\/schema.org","@graph":[{"@type":"WebPage","@id":"https:\/\/informedperspectives.org\/fr\/faites-partie-du-changement\/","url":"https:\/\/informedperspectives.org\/fr\/faites-partie-du-changement\/","name":"- Informed Perspectives","isPartOf":{"@id":"https:\/\/informedperspectives.org\/fr\/#website"},"datePublished":"2025-11-12T23:27:02+00:00","dateModified":"2025-11-13T20:57:03+00:00","inLanguage":"fr-FR","potentialAction":[{"@type":"ReadAction","target":["https:\/\/informedperspectives.org\/fr\/faites-partie-du-changement\/"]}]},{"@type":"WebSite","@id":"https:\/\/informedperspectives.org\/fr\/#website","url":"https:\/\/informedperspectives.org\/fr\/","name":"Informed Perspectives","description":"Informed Perspectives amplifies the voices of women and gender-diverse people for a more equitable society","potentialAction":[{"@type":"SearchAction","target":{"@type":"EntryPoint","urlTemplate":"https:\/\/informedperspectives.org\/fr\/?s={search_term_string}"},"query-input":{"@type":"PropertyValueSpecification","valueRequired":true,"valueName":"search_term_string"}}],"inLanguage":"fr-FR"}]}},"jetpack_sharing_enabled":true,"_links":{"self":[{"href":"https:\/\/informedperspectives.org\/fr\/wp-json\/wp\/v2\/pages\/94268","targetHints":{"allow":["GET"]}}],"collection":[{"href":"https:\/\/informedperspectives.org\/fr\/wp-json\/wp\/v2\/pages"}],"about":[{"href":"https:\/\/informedperspectives.org\/fr\/wp-json\/wp\/v2\/types\/page"}],"author":[{"embeddable":true,"href":"https:\/\/informedperspectives.org\/fr\/wp-json\/wp\/v2\/users\/1"}],"replies":[{"embeddable":true,"href":"https:\/\/informedperspectives.org\/fr\/wp-json\/wp\/v2\/comments?post=94268"}],"version-history":[{"count":6,"href":"https:\/\/informedperspectives.org\/fr\/wp-json\/wp\/v2\/pages\/94268\/revisions"}],"predecessor-version":[{"id":94298,"href":"https:\/\/informedperspectives.org\/fr\/wp-json\/wp\/v2\/pages\/94268\/revisions\/94298"}],"wp:attachment":[{"href":"https:\/\/informedperspectives.org\/fr\/wp-json\/wp\/v2\/media?parent=94268"}],"curies":[{"name":"wp","href":"https:\/\/api.w.org\/{rel}","templated":true}]}}