{"id":91563,"date":"2025-04-22T12:25:24","date_gmt":"2025-04-22T16:25:24","guid":{"rendered":"https:\/\/informedperspectives.org\/facons-de-donner\/"},"modified":"2025-12-16T07:40:13","modified_gmt":"2025-12-16T12:40:13","slug":"facons-de-donner","status":"publish","type":"page","link":"https:\/\/informedperspectives.org\/fr\/facons-de-donner\/","title":{"rendered":"Comment donner"},"content":{"rendered":"\n<section class=\"content-hero  ways-hero \" >\n    <div class=\"container\">\n                    <div class=\"row\">\n                <div class=\"content pb-58\">\n                    <h1>METTRE EN VALEUR LA DIVERSIT\u00c9 DES VOIX. FA\u00c7ONNEZ <span style=\"color: #3b5bb0;\">NOTRE AVENIR<\/span>.<\/h1>\n<h3>Lorsque des voix diverses s&rsquo;expriment, tout le monde en profite<\/h3>\n                <\/div>\n            <\/div>\n                    <\/div>\n<\/section>\n\n\n<section class=\"color-cards  donation-at-work transparent\" >\n    <div class=\"container p-lg-0\">\n                    <div class=\"row\">\n                <div class=\"col-12\">\n                    <div class=\"top-content\">\n                        <h2>L&rsquo;impact de votre don<\/h2>\n                    <\/div>\n                <\/div>\n            <\/div>\n        \n                    <div\n                class=\"row align-items-center justify-content-between mt-32 mb-100\">\n                                    <div class=\"col-lg-4 col-md-6 \">\n                        <div class=\"card-item primary-dark-teal h-100 mb-24\">\n                            <div class=\"card-item-body\">\n                                \n                                                                    <div class=\"card-item-content\">\n                                        <h1>2,600+<\/h1>\n<h3>Expertes figurant dans notre r\u00e9pertoire<\/h3>\n                                    <\/div>\n                                                            <\/div>\n                        <\/div>\n                    <\/div>\n                                    <div class=\"col-lg-4 col-md-6 \">\n                        <div class=\"card-item primary-dark-magenta h-100 mb-24\">\n                            <div class=\"card-item-body\">\n                                \n                                                                    <div class=\"card-item-content\">\n                                        <h1>1,100+<\/h1>\n<h3>Articles d&rsquo;opinion publi\u00e9s par des dipl\u00f4m\u00e9es de nos ateliers<\/h3>\n                                    <\/div>\n                                                            <\/div>\n                        <\/div>\n                    <\/div>\n                                    <div class=\"col-lg-4 col-md-6 \">\n                        <div class=\"card-item primary-dark-plum h-100 mb-0\">\n                            <div class=\"card-item-body\">\n                                \n                                                                    <div class=\"card-item-content\">\n                                        <h1>11,200+<\/h1>\n<h3>demandes de m\u00e9dias pour plus de diversit\u00e9 dans leurs sources<\/h3>\n                                    <\/div>\n                                                            <\/div>\n                        <\/div>\n                    <\/div>\n                            <\/div>\n        \n            <\/div>\n    <\/section>\n\n\n<div id=\"card-with-background-block-block_043007fb83a06f4ec8681d620b79ad62\" class=\"card-with-background-block support-matters\"\n    style=\"background-image: url(&#039;https:\/\/informedperspectives.org\/wp-content\/uploads\/2025\/04\/aasdd.png&#039;);\">\n    <div class=\"container\">\n        <div class=\"row justify-content-center \">\n            <div class=\"col-lg-7 --card-column\">\n                <div\n                    class=\"card-background-block --card primary-dark-plum has-bottom-image\">\n                    <div class=\"top-content\">\n                        \n                                            <\/div>\n\n                                            <div class=\"card-background-block --content hs-16\">\n                            <h1>Pourquoi votre support<br \/>\n<span style=\"color: #e5fc54;\">est-il important ?<\/span><\/h1>\n<p>La diversit\u00e9 des points de vue dans les discussions et d\u00e9bats au Canada permet d&rsquo;am\u00e9liorer les politiques, la recherche et les r\u00e9sultats sociaux. Votre contribution permet de former des expertes, de leur offrir des opportunit\u00e9s m\u00e9diatiques et d&rsquo;\u0153uvrer en faveur de l&rsquo;\u00e9galit\u00e9 des genres dans le discours public.<\/p>\n                        <\/div>\n                    \n                                            <div class=\"cta\">\n                                                            <a class=\"btn magenta\"\n                                    href=\"https:\/\/informedperspectives.org\/fr\/a-propos-de\/notre-impact\/\" class=\"card-background-block --button\"\n                                    target=\"\">\n                                    Comment nous faisons la diff\u00e9rence                                <\/a>\n                                                    <\/div>\n                                        <!-- end button -->\n                                            <div class=\"card-background-block --bottom-image\">\n                            <figure>\n                                <img decoding=\"async\" src=\"https:\/\/informedperspectives.org\/wp-content\/uploads\/2025\/07\/ways-to-give7845-1.png\"\n                                    alt=\"\"\n                                    width=\"270.5\" class=\"img-fluid\" \/>\n                            <\/figure>\n                        <\/div>\n                                        <!-- end bottom image -->\n\n\n                                    <\/div>\n            <\/div>\n        <\/div>\n    <\/div>\n<\/div>\n\n<!-- The Modal -->\n<div id=\"card-modal\" class=\"modal-overlay form-popup\">\n    <div class=\"modal-content\">\n        <span class=\"card-close-modal\">\n            <svg xmlns=\"http:\/\/www.w3.org\/2000\/svg\" width=\"24\" height=\"24\" viewBox=\"0 0 24 24\" fill=\"none\">\n                <path\n                    d=\"M19.1471 18.3521C19.2024 18.4036 19.2467 18.4657 19.2775 18.5347C19.3082 18.6037 19.3248 18.6782 19.3261 18.7537C19.3274 18.8293 19.3135 18.9043 19.2852 18.9743C19.2569 19.0444 19.2148 19.108 19.1614 19.1614C19.108 19.2148 19.0444 19.2569 18.9743 19.2852C18.9043 19.3135 18.8293 19.3274 18.7537 19.3261C18.6782 19.3248 18.6037 19.3082 18.5347 19.2775C18.4657 19.2467 18.4036 19.2024 18.3521 19.1471L11.9996 12.7956L5.64714 19.1471C5.54051 19.2465 5.39947 19.3006 5.25375 19.298C5.10802 19.2955 4.96898 19.2364 4.86592 19.1334C4.76286 19.0303 4.70383 18.8913 4.70126 18.7455C4.69869 18.5998 4.75278 18.4588 4.85214 18.3521L11.2037 11.9996L4.85214 5.64714C4.75278 5.54051 4.69869 5.39947 4.70126 5.25375C4.70383 5.10802 4.76286 4.96898 4.86592 4.86592C4.96898 4.76286 5.10802 4.70383 5.25375 4.70126C5.39947 4.69869 5.54051 4.75278 5.64714 4.85214L11.9996 11.2037L18.3521 4.85214C18.4588 4.75278 18.5998 4.69869 18.7455 4.70126C18.8913 4.70383 19.0303 4.76286 19.1334 4.86592C19.2364 4.96898 19.2955 5.10802 19.298 5.25375C19.3006 5.39947 19.2465 5.54051 19.1471 5.64714L12.7956 11.9996L19.1471 18.3521Z\"\n                    fill=\"#161616\" \/>\n            <\/svg><\/span>\n        <div class=\"form-container\">\n            <!-- Begin Constant Contact Inline Form Code -->\n            <div class=\"ctct-inline-form\" data-form-id=\"\"><\/div>\n            <!-- End Constant Contact Inline Form Code -->\n        <\/div>\n    <\/div>\n<\/div>\n<!-- The CSS -->\n<style>\n    .modal-overlay {\n        display: none;\n        position: fixed;\n        top: 0;\n        left: 0;\n        width: 100%;\n        height: 100%;\n        background-color: rgba(0, 0, 0, 0.5);\n        z-index: 1000;\n    }\n\n    .modal-content {\n        position: relative;\n        background-color: #fff;\n        margin: 5% auto;\n        padding: 20px;\n        width: 90%;\n        max-width: 600px;\n        border-radius: 5px;\n        box-shadow: 0 4px 6px rgba(0, 0, 0, 0.1);\n    }\n\n    .card-close-modal {\n        position: absolute;\n        right: 2.2rem;\n        top: 3.2rem;\n        font-size: 24px;\n        font-weight: bold;\n        cursor: pointer;\n    }\n\n    .card-close-modal:hover {\n        color: #666;\n    }\n<\/style>\n\n<!-- The JavaScript -->\n<script>\n    document.addEventListener('DOMContentLoaded', function () {\n        const modal = document.getElementById('card-modal')\n        const closeBtn = document.querySelector('.card-close-modal');\n        const popupTriggers = document.querySelectorAll('a[data-popup=\"card-modal\"]');\n\n        function openModal(e) {\n            e.preventDefault();\n            modal.style.display = 'block';\n        }\n\n        \/\/ Add event listeners to all popup trigger buttons\n        if (popupTriggers.length > 0) {\n            popupTriggers.forEach(function(trigger) {\n                trigger.addEventListener('click', openModal);\n            });\n        }\n\n        if (closeBtn) {\n            closeBtn.addEventListener('click', function () {\n                modal.style.display = 'none';\n            });\n        }\n\n        window.addEventListener('click', function (e) {\n            if (e.target === modal) {\n                modal.style.display = 'none';\n            }\n        });\n    });\n\n<\/script>\n\n\n<section class=\"champion-block  ways-champion pb-100\" >\n    <div class=\"container p-lg-0\">\n                    <div class=\"row\">\n                <div class=\"col-12\">\n                    <div class=\"title\">\n                        <h2>Changez les choses, \u00e0 votre mani\u00e8re<\/h2>\n                    <\/div>\n                <\/div>\n            <\/div>\n        \n                    <div class=\"row\">\n                                    <div class=\"col-lg-6 mb-24\">\n                        <div class=\"champion-card\">\n                            <div class=\"--content\">\n                                <img decoding=\"async\" class=\"alignnone size-full wp-image-89154\" src=\"https:\/\/informedperspectives.org\/wp-content\/uploads\/2025\/04\/CalendarHeart.svg\" alt=\"\" \/>\n<h3>Impact mensuel<\/h3>\n<h4>Devenez une force constante du changement<\/h4>\n<ul>\n<li>Soutenez nos programmes tout au long de l\u2019ann\u00e9e<\/li>\n<li>Rejoignez une communaut\u00e9 d\u2019alli\u00e9\u00b7e\u00b7s engag\u00e9\u00b7e\u00b7s<\/li>\n<li>Cr\u00e9ez un changement durable, mois apr\u00e8s mois<\/li>\n<\/ul>\n                            <\/div>\n                            <div class=\"cta\">\n                                                                <a class=\"btn btn-black\" href=\"https:\/\/informedperspectives.org\/fr\/don-mensuel\/\" target=\"\">Faire un don mensuel<\/a>\n                                                            <\/div>\n                        <\/div>\n                    <\/div>\n                                    <div class=\"col-lg-6 mb-24\">\n                        <div class=\"champion-card\">\n                            <div class=\"--content\">\n                                <img decoding=\"async\" class=\"alignnone size-full wp-image-89197\" src=\"https:\/\/informedperspectives.org\/wp-content\/uploads\/2025\/04\/UsersFoura.svg\" alt=\"\" \/>\n<h3>Bourses pour ateliers<\/h3>\n<h4>Aidez une personne \u00e0 faire en sorte que sa voix soit entendue<\/h4>\n<ul>\n<li data-start=\"489\" data-end=\"547\">\n<p data-start=\"491\" data-end=\"547\">Offrez \u00e0 une future leader les moyens de se d\u00e9velopper<\/p>\n<\/li>\n<li data-start=\"489\" data-end=\"547\">\n<p data-start=\"491\" data-end=\"547\">Voyez son expertise nourrir les d\u00e9bats publics<\/p>\n<\/li>\n<li>G\u00e9n\u00e9rez un impact durable dans les communaut\u00e9s d&rsquo;un peu partout au pays<\/li>\n<\/ul>\n                            <\/div>\n                            <div class=\"cta\">\n                                                                <a class=\"btn btn-black\" href=\"https:\/\/informedperspectives.org\/fr\/donation-pour-une-bourse-datelier\/\" target=\"\">Financer une bourse pour ateliers<\/a>\n                                                            <\/div>\n                        <\/div>\n                    <\/div>\n                                    <div class=\"col-lg-4 mb-24\">\n                        <div class=\"champion-card\">\n                            <div class=\"--content\">\n                                <img decoding=\"async\" class=\"alignnone size-full wp-image-89238\" src=\"https:\/\/informedperspectives.org\/wp-content\/uploads\/2025\/04\/Handshakeaaa.svg\" alt=\"\" \/>\n<h3>Partenariat avec les entreprises<\/h3>\n<h4>Associez votre entreprise ou votre marque \u00e0 notre mission<\/h4>\n<ul>\n<li>Commanditez nos programmes phares<\/li>\n<li>Multipliez la port\u00e9e des dons de vos employ\u00e9s<\/li>\n<li>Cr\u00e9er un partenariat sur mesure selon vos int\u00e9r\u00eats<\/li>\n<\/ul>\n                            <\/div>\n                            <div class=\"cta\">\n                                                                <button class=\"btn btn-black gender-gap-form-btn\" data-bs-toggle=\"modal\" data-bs-target=\"#genderGapFormModal\">Devenez partenaire<\/button>\n                                                            <\/div>\n                        <\/div>\n                    <\/div>\n                                    <div class=\"col-lg-4 mb-24\">\n                        <div class=\"champion-card\">\n                            <div class=\"--content\">\n                                <img decoding=\"async\" class=\"alignnone size-full wp-image-89239\" src=\"https:\/\/informedperspectives.org\/wp-content\/uploads\/2025\/04\/Giftss.svg\" alt=\"\" \/>\n<h3>Un don qui traverse le temps<\/h3>\n<h4>Un impact pour les g\u00e9n\u00e9rations \u00e0 venir<\/h4>\n<ul>\n<li>Laissez un legs dans votre testament<\/li>\n<li>Cr\u00e9ez un fonds de dotation<\/li>\n<li>Honorez la m\u00e9moire d&rsquo;un \u00eatre cher<\/li>\n<\/ul>\n<p>&nbsp;<\/p>\n                            <\/div>\n                            <div class=\"cta\">\n                                                                <button class=\"btn btn-black gender-gap-form-btn\" data-bs-toggle=\"modal\" data-bs-target=\"#genderGapFormModal\">Planifiez votre h\u00e9ritage<\/button>\n                                                            <\/div>\n                        <\/div>\n                    <\/div>\n                                    <div class=\"col-lg-4 mb-24\">\n                        <div class=\"champion-card\">\n                            <div class=\"--content\">\n                                <img decoding=\"async\" class=\"alignnone size-full wp-image-89241\" src=\"https:\/\/informedperspectives.org\/wp-content\/uploads\/2025\/04\/Coins.svg\" alt=\"\" \/>\n<h3>Le don intelligent<\/h3>\n<h4>Maximisez votre impact (et vos avantages fiscaux !)<\/h4>\n<ul>\n<li>Dons en actions et en titres<\/li>\n<li>Dons en cryptomonnaie<\/li>\n<\/ul>\n                            <\/div>\n                            <div class=\"cta\">\n                                                                <button class=\"btn btn-black gender-gap-form-btn\" data-bs-toggle=\"modal\" data-bs-target=\"#genderGapFormModal\">Soutenez-nous<\/button>\n                                                            <\/div>\n                        <\/div>\n                    <\/div>\n                            <\/div>\n            <\/div>\n  \n<\/section>\n\n\n\n<section class=\"create-change-block  ways-change bg-white\" >\n    <div class=\"container\">\n        <div class=\"row justify-content-between \">\n                            <div class=\"col-lg-3\">\n                    <div class=\"left-content\">\n                        <h2>Plus de moyens de cr\u00e9er le changement<\/h2>\n                    <\/div>\n                <\/div>\n                        <div class=\"col-lg-8\">\n                                                            <div class=\"align-items-lg-center align-items-md-start align-items-start cta-group\">\n                            <div class=\"title\">\n                                <h4>Organisez une collecte de fonds<\/h4>\n<p>Rassemblez votre communaut\u00e9 &#8211; organisez une collecte de fonds pour soutenir l&rsquo;\u00e9galit\u00e9 des genres.<\/p>\n                            <\/div>\n                            <div class=\"link\">\n                                                                    <a class=\"btn btn-arrow\" href=\"https:\/\/informedperspectives.org\/fr\/contactez-nous\/\"\n                                        target=\"_self\">En savoir plus <svg\n                                            xmlns=\"http:\/\/www.w3.org\/2000\/svg\" width=\"24\" height=\"24\" viewBox=\"0 0 24 24\"\n                                            fill=\"none\">\n                                            <path\n                                                d=\"M20.6475 12.3971L13.8975 19.1471C13.7909 19.2465 13.6498 19.3006 13.5041 19.298C13.3584 19.2955 13.2193 19.2364 13.1163 19.1334C13.0132 19.0303 12.9542 18.8913 12.9516 18.7455C12.949 18.5998 13.0031 18.4588 13.1025 18.3521L18.8916 12.5621H3.75C3.60082 12.5621 3.45774 12.5029 3.35225 12.3974C3.24676 12.2919 3.1875 12.1488 3.1875 11.9996C3.1875 11.8505 3.24676 11.7074 3.35225 11.6019C3.45774 11.4964 3.60082 11.4371 3.75 11.4371H18.8916L13.1025 5.64714C13.0031 5.54051 12.949 5.39947 12.9516 5.25375C12.9542 5.10802 13.0132 4.96898 13.1163 4.86592C13.2193 4.76286 13.3584 4.70383 13.5041 4.70126C13.6498 4.69869 13.7909 4.75278 13.8975 4.85214L20.6475 11.6021C20.7528 11.7076 20.812 11.8506 20.812 11.9996C20.812 12.1487 20.7528 12.2917 20.6475 12.3971Z\"\n                                                fill=\"#8E0043\" \/>\n                                        <\/svg><\/a>\n                                                            <\/div>\n                        <\/div>\n                                            <div class=\"align-items-lg-center align-items-md-start align-items-start cta-group\">\n                            <div class=\"title\">\n                                <h4><em>Skip the Depot<\/em> &#8211; M\u00eame vos bouteilles peuvent contribuer au changement<\/h4>\n<p>Inscrivez-vous d\u00e8s aujourd&rsquo;hui et <em>Skip the depot<\/em> ramassera vos d\u00e9chets recyclables et fera don des recettes.<\/p>\n                            <\/div>\n                            <div class=\"link\">\n                                                                    <a class=\"btn btn-arrow\" href=\"https:\/\/app.skipthedepot.com\/67112e8deab59c7cb195a4f1\"\n                                        target=\"_blank\">En savoir plus <svg\n                                            xmlns=\"http:\/\/www.w3.org\/2000\/svg\" width=\"24\" height=\"24\" viewBox=\"0 0 24 24\"\n                                            fill=\"none\">\n                                            <path\n                                                d=\"M20.6475 12.3971L13.8975 19.1471C13.7909 19.2465 13.6498 19.3006 13.5041 19.298C13.3584 19.2955 13.2193 19.2364 13.1163 19.1334C13.0132 19.0303 12.9542 18.8913 12.9516 18.7455C12.949 18.5998 13.0031 18.4588 13.1025 18.3521L18.8916 12.5621H3.75C3.60082 12.5621 3.45774 12.5029 3.35225 12.3974C3.24676 12.2919 3.1875 12.1488 3.1875 11.9996C3.1875 11.8505 3.24676 11.7074 3.35225 11.6019C3.45774 11.4964 3.60082 11.4371 3.75 11.4371H18.8916L13.1025 5.64714C13.0031 5.54051 12.949 5.39947 12.9516 5.25375C12.9542 5.10802 13.0132 4.96898 13.1163 4.86592C13.2193 4.76286 13.3584 4.70383 13.5041 4.70126C13.6498 4.69869 13.7909 4.75278 13.8975 4.85214L20.6475 11.6021C20.7528 11.7076 20.812 11.8506 20.812 11.9996C20.812 12.1487 20.7528 12.2917 20.6475 12.3971Z\"\n                                                fill=\"#8E0043\" \/>\n                                        <\/svg><\/a>\n                                                            <\/div>\n                        <\/div>\n                                                <\/div>\n        <\/div>\n    <\/div>\n<\/section>","protected":false},"excerpt":{"rendered":"","protected":false},"author":1,"featured_media":0,"parent":0,"menu_order":0,"comment_status":"closed","ping_status":"closed","template":"","meta":{"_acf_changed":false,"footnotes":""},"class_list":["post-91563","page","type-page","status-publish","hentry"],"acf":[],"yoast_head":"<!-- This site is optimized with the Yoast SEO plugin v26.6 - https:\/\/yoast.com\/wordpress\/plugins\/seo\/ -->\n<title>Comment donner - Informed Perspectives<\/title>\n<meta name=\"robots\" content=\"index, follow, max-snippet:-1, max-image-preview:large, max-video-preview:-1\" \/>\n<link rel=\"canonical\" href=\"https:\/\/informedperspectives.org\/fr\/facons-de-donner\/\" \/>\n<meta property=\"og:locale\" content=\"fr_FR\" \/>\n<meta property=\"og:type\" content=\"article\" \/>\n<meta property=\"og:title\" content=\"Comment donner - Informed Perspectives\" \/>\n<meta property=\"og:url\" content=\"https:\/\/informedperspectives.org\/fr\/facons-de-donner\/\" \/>\n<meta property=\"og:site_name\" content=\"Informed Perspectives\" \/>\n<meta property=\"article:modified_time\" content=\"2025-12-16T12:40:13+00:00\" \/>\n<meta name=\"twitter:card\" content=\"summary_large_image\" \/>\n<script type=\"application\/ld+json\" class=\"yoast-schema-graph\">{\"@context\":\"https:\/\/schema.org\",\"@graph\":[{\"@type\":\"WebPage\",\"@id\":\"https:\/\/informedperspectives.org\/fr\/facons-de-donner\/\",\"url\":\"https:\/\/informedperspectives.org\/fr\/facons-de-donner\/\",\"name\":\"Comment donner - Informed Perspectives\",\"isPartOf\":{\"@id\":\"https:\/\/informedperspectives.org\/fr\/#website\"},\"datePublished\":\"2025-04-22T16:25:24+00:00\",\"dateModified\":\"2025-12-16T12:40:13+00:00\",\"breadcrumb\":{\"@id\":\"https:\/\/informedperspectives.org\/fr\/facons-de-donner\/#breadcrumb\"},\"inLanguage\":\"fr-FR\",\"potentialAction\":[{\"@type\":\"ReadAction\",\"target\":[\"https:\/\/informedperspectives.org\/fr\/facons-de-donner\/\"]}]},{\"@type\":\"BreadcrumbList\",\"@id\":\"https:\/\/informedperspectives.org\/fr\/facons-de-donner\/#breadcrumb\",\"itemListElement\":[{\"@type\":\"ListItem\",\"position\":1,\"name\":\"Home\",\"item\":\"https:\/\/informedperspectives.org\/fr\/\"},{\"@type\":\"ListItem\",\"position\":2,\"name\":\"Comment donner\"}]},{\"@type\":\"WebSite\",\"@id\":\"https:\/\/informedperspectives.org\/fr\/#website\",\"url\":\"https:\/\/informedperspectives.org\/fr\/\",\"name\":\"Informed Perspectives\",\"description\":\"Informed Perspectives amplifies the voices of women and gender-diverse people for a more equitable society\",\"potentialAction\":[{\"@type\":\"SearchAction\",\"target\":{\"@type\":\"EntryPoint\",\"urlTemplate\":\"https:\/\/informedperspectives.org\/fr\/?s={search_term_string}\"},\"query-input\":{\"@type\":\"PropertyValueSpecification\",\"valueRequired\":true,\"valueName\":\"search_term_string\"}}],\"inLanguage\":\"fr-FR\"}]}<\/script>\n<!-- \/ Yoast SEO plugin. -->","yoast_head_json":{"title":"Comment donner - Informed Perspectives","robots":{"index":"index","follow":"follow","max-snippet":"max-snippet:-1","max-image-preview":"max-image-preview:large","max-video-preview":"max-video-preview:-1"},"canonical":"https:\/\/informedperspectives.org\/fr\/facons-de-donner\/","og_locale":"fr_FR","og_type":"article","og_title":"Comment donner - Informed Perspectives","og_url":"https:\/\/informedperspectives.org\/fr\/facons-de-donner\/","og_site_name":"Informed Perspectives","article_modified_time":"2025-12-16T12:40:13+00:00","twitter_card":"summary_large_image","schema":{"@context":"https:\/\/schema.org","@graph":[{"@type":"WebPage","@id":"https:\/\/informedperspectives.org\/fr\/facons-de-donner\/","url":"https:\/\/informedperspectives.org\/fr\/facons-de-donner\/","name":"Comment donner - Informed Perspectives","isPartOf":{"@id":"https:\/\/informedperspectives.org\/fr\/#website"},"datePublished":"2025-04-22T16:25:24+00:00","dateModified":"2025-12-16T12:40:13+00:00","breadcrumb":{"@id":"https:\/\/informedperspectives.org\/fr\/facons-de-donner\/#breadcrumb"},"inLanguage":"fr-FR","potentialAction":[{"@type":"ReadAction","target":["https:\/\/informedperspectives.org\/fr\/facons-de-donner\/"]}]},{"@type":"BreadcrumbList","@id":"https:\/\/informedperspectives.org\/fr\/facons-de-donner\/#breadcrumb","itemListElement":[{"@type":"ListItem","position":1,"name":"Home","item":"https:\/\/informedperspectives.org\/fr\/"},{"@type":"ListItem","position":2,"name":"Comment donner"}]},{"@type":"WebSite","@id":"https:\/\/informedperspectives.org\/fr\/#website","url":"https:\/\/informedperspectives.org\/fr\/","name":"Informed Perspectives","description":"Informed Perspectives amplifies the voices of women and gender-diverse people for a more equitable society","potentialAction":[{"@type":"SearchAction","target":{"@type":"EntryPoint","urlTemplate":"https:\/\/informedperspectives.org\/fr\/?s={search_term_string}"},"query-input":{"@type":"PropertyValueSpecification","valueRequired":true,"valueName":"search_term_string"}}],"inLanguage":"fr-FR"}]}},"jetpack_sharing_enabled":true,"_links":{"self":[{"href":"https:\/\/informedperspectives.org\/fr\/wp-json\/wp\/v2\/pages\/91563","targetHints":{"allow":["GET"]}}],"collection":[{"href":"https:\/\/informedperspectives.org\/fr\/wp-json\/wp\/v2\/pages"}],"about":[{"href":"https:\/\/informedperspectives.org\/fr\/wp-json\/wp\/v2\/types\/page"}],"author":[{"embeddable":true,"href":"https:\/\/informedperspectives.org\/fr\/wp-json\/wp\/v2\/users\/1"}],"replies":[{"embeddable":true,"href":"https:\/\/informedperspectives.org\/fr\/wp-json\/wp\/v2\/comments?post=91563"}],"version-history":[{"count":29,"href":"https:\/\/informedperspectives.org\/fr\/wp-json\/wp\/v2\/pages\/91563\/revisions"}],"predecessor-version":[{"id":93430,"href":"https:\/\/informedperspectives.org\/fr\/wp-json\/wp\/v2\/pages\/91563\/revisions\/93430"}],"wp:attachment":[{"href":"https:\/\/informedperspectives.org\/fr\/wp-json\/wp\/v2\/media?parent=91563"}],"curies":[{"name":"wp","href":"https:\/\/api.w.org\/{rel}","templated":true}]}}