{"id":91330,"date":"2025-04-03T12:32:44","date_gmt":"2025-04-03T16:32:44","guid":{"rendered":"https:\/\/informedperspectives.org\/politique-de-confidentialite\/"},"modified":"2025-12-16T07:32:34","modified_gmt":"2025-12-16T12:32:34","slug":"politique-de-confidentialite","status":"publish","type":"page","link":"https:\/\/informedperspectives.org\/fr\/politique-de-confidentialite\/","title":{"rendered":"Politique de confidentialit\u00e9"},"content":{"rendered":"\n<div class=\"wp-block-columns gap-0 container justify-content-center is-layout-flex wp-container-core-columns-is-layout-28f84493 wp-block-columns-is-layout-flex\">\n<div class=\"wp-block-column mid-content is-layout-flow wp-block-column-is-layout-flow\" style=\"flex-basis:67.5rem\">\n<h1 class=\"wp-block-heading has-text-align-center\">Politique de confidentialit\u00e9<\/h1>\n\n\n\n<p class=\"has-text-align-center\"><strong>Date d&rsquo;entr\u00e9e en vigueur : 25 juillet 2023<\/strong><\/p>\n\n\n\n<div style=\"height:24px\" aria-hidden=\"true\" class=\"wp-block-spacer s-16\"><\/div>\n\n\n\n<h3 class=\"wp-block-heading\">Objectif<\/h3>\n\n\n\n<p>L&rsquo;objectif de la pr\u00e9sente politique de confidentialit\u00e9 (la \u00ab\u00a0politique de confidentialit\u00e9\u00a0\u00bb) est d&rsquo;informer les utilisateurs de notre site des \u00e9l\u00e9ments suivants :<\/p>\n\n\n\n<ol class=\"wp-block-list mb-16\">\n<li>Les donn\u00e9es personnelles que nous collecterons ;<\/li>\n\n\n\n<li>Utilisation des donn\u00e9es collect\u00e9es ;<\/li>\n\n\n\n<li>Qui a acc\u00e8s aux donn\u00e9es collect\u00e9es ;<\/li>\n\n\n\n<li>Les droits des utilisateurs du site ;  <\/li>\n\n\n\n<li>et la politique du site en mati\u00e8re de cookies.<\/li>\n<\/ol>\n\n\n\n<p>La pr\u00e9sente politique de confidentialit\u00e9 s&rsquo;applique en compl\u00e9ment des conditions g\u00e9n\u00e9rales de notre site.<\/p>\n\n\n\n<div style=\"height:32px\" aria-hidden=\"true\" class=\"wp-block-spacer\"><\/div>\n\n\n\n<h3 class=\"wp-block-heading\">Consentement<\/h3>\n\n\n\n<p>En utilisant notre site, les utilisateurs acceptent de :  <\/p>\n\n\n\n<ol class=\"wp-block-list\">\n<li>les conditions \u00e9nonc\u00e9es dans la pr\u00e9sente politique de protection de la vie priv\u00e9e ; et  <\/li>\n\n\n\n<li>La collecte, l&rsquo;utilisation et la conservation des donn\u00e9es \u00e9num\u00e9r\u00e9es dans la pr\u00e9sente politique de confidentialit\u00e9.<\/li>\n<\/ol>\n\n\n\n<div style=\"height:16px\" aria-hidden=\"true\" class=\"wp-block-spacer\"><\/div>\n\n\n\n<h3 class=\"wp-block-heading\">Donn\u00e9es personnelles que nous collectons<\/h3>\n\n\n\n<p>Nous ne collectons que les donn\u00e9es qui nous aident \u00e0 atteindre l&rsquo;objectif d\u00e9fini dans la pr\u00e9sente politique de confidentialit\u00e9. Nous ne collecterons pas d&rsquo;autres donn\u00e9es que celles \u00e9num\u00e9r\u00e9es ci-dessous sans vous en informer. <\/p>\n\n\n\n<div style=\"height:32px\" aria-hidden=\"true\" class=\"wp-block-spacer\"><\/div>\n\n\n\n<h3 class=\"wp-block-heading\">Donn\u00e9es collect\u00e9es automatiquement<\/h3>\n\n\n\n<p>Lorsque vous visitez et utilisez notre site, nous pouvons collecter et stocker automatiquement les informations suivantes :<\/p>\n\n\n\n<ol class=\"wp-block-list\">\n<li>  Adresse IP ;<\/li>\n\n\n\n<li>  Emplacement ; et  <\/li>\n\n\n\n<li>Contenu consult\u00e9.<\/li>\n<\/ol>\n\n\n\n<div style=\"height:16px\" aria-hidden=\"true\" class=\"wp-block-spacer\"><\/div>\n\n\n\n<h3 class=\"wp-block-heading\">Donn\u00e9es collect\u00e9es de mani\u00e8re non automatique<\/h3>\n\n\n\n<p>Nous pouvons \u00e9galement collecter les donn\u00e9es suivantes lorsque vous effectuez certaines fonctions sur notre site :<\/p>\n\n\n\n<ol class=\"wp-block-list mb-16\">\n<li>Nom et pr\u00e9nom ;<\/li>\n\n\n\n<li>Adresse \u00e9lectronique ;<\/li>\n\n\n\n<li>Informations pour cr\u00e9er votre profil d&rsquo;expert ;<\/li>\n\n\n\n<li>Informations concernant les demandes des m\u00e9dias ;<\/li>\n<\/ol>\n\n\n\n<p>Ces donn\u00e9es peuvent \u00eatre collect\u00e9es \u00e0 l&rsquo;aide des m\u00e9thodes suivantes :<\/p>\n\n\n\n<ol class=\"wp-block-list\">\n<li>Inscrivez-vous pour recevoir les mises \u00e0 jour.<\/li>\n\n\n\n<li>Abonnez-vous \u00e0 nos bulletins d&rsquo;information.<\/li>\n\n\n\n<li>Acc\u00e9dez \u00e0 nos ressources.<\/li>\n\n\n\n<li>Rejoignez notre base de donn\u00e9es d&rsquo;experts.<\/li>\n\n\n\n<li>Contactez des experts par l&rsquo;interm\u00e9diaire de la base de donn\u00e9es.<\/li>\n<\/ol>\n\n\n\n<div style=\"height:16px\" aria-hidden=\"true\" class=\"wp-block-spacer\"><\/div>\n\n\n\n<h3 class=\"wp-block-heading\">Comment nous utilisons les donn\u00e9es personnelles<\/h3>\n\n\n\n<p>Les donn\u00e9es collect\u00e9es sur notre site ne seront utilis\u00e9es qu&rsquo;aux fins sp\u00e9cifi\u00e9es dans la pr\u00e9sente politique de confidentialit\u00e9 ou indiqu\u00e9es sur les pages correspondantes de notre site. Nous n&rsquo;utiliserons pas vos donn\u00e9es au-del\u00e0 de ce que nous indiquons dans la pr\u00e9sente politique de confidentialit\u00e9. <\/p>\n\n\n\n<p>Les donn\u00e9es que nous collectons automatiquement sont utilis\u00e9es aux fins suivantes :<\/p>\n\n\n\n<ol class=\"wp-block-list\">\n<li>Am\u00e9liorer l&rsquo;exp\u00e9rience de l&rsquo;utilisateur.<\/li>\n\n\n\n<li>Communication et marketing.<\/li>\n<\/ol>\n\n\n\n<div style=\"height:16px\" aria-hidden=\"true\" class=\"wp-block-spacer\"><\/div>\n\n\n\n<h3 class=\"wp-block-heading\">Avec qui partageons-nous les donn\u00e9es personnelles ?<\/h3>\n\n\n\n<p><strong>Salari\u00e9s<\/strong><\/p>\n\n\n\n<p>Nous pouvons divulguer les donn\u00e9es de l&rsquo;utilisateur \u00e0 tout membre de notre organisation qui a raisonnablement besoin d&rsquo;acc\u00e9der aux donn\u00e9es de l&rsquo;utilisateur pour atteindre les objectifs d\u00e9finis dans la pr\u00e9sente politique de confidentialit\u00e9.<\/p>\n\n\n\n<p><strong>Tiers<\/strong><\/p>\n\n\n\n<p>Nous ne partageons pas vos informations personnelles avec des tiers. Seules des donn\u00e9es agr\u00e9g\u00e9es et anonymes sont p\u00e9riodiquement transmises \u00e0 des services externes pour nous aider \u00e0 am\u00e9liorer le site web et les services de Perspectives plurielles. Nous utilisons actuellement Google Analytics (analyse du trafic, optimisation du r\u00e9f\u00e9rencement, donn\u00e9es d\u00e9mographiques), Constant Contact (gestion des listes de diffusion), Stripe et PayPal (traitement des paiements).<\/p>\n\n\n\n<p>Nous avons \u00e9num\u00e9r\u00e9 ci-dessous les donn\u00e9es que ces tiers extraient exactement. N&rsquo;h\u00e9sitez pas \u00e0 consulter leurs politiques de confidentialit\u00e9 pour en savoir plus. <\/p>\n\n\n\n<ul class=\"wp-block-list\">\n<li><strong>Google Analytics :<\/strong> Anonyme (domaines de diffusion d&rsquo;annonces, type de navigateur, donn\u00e9es d\u00e9mographiques, param\u00e8tres linguistiques, pages consult\u00e9es, heure\/date), pseudonyme (adresse IP)<\/li>\n\n\n\n<li><strong>Constant Contact :<\/strong> Adresse \u00e9lectronique, pr\u00e9nom, nom de famille pour la liste de diffusion.<\/li>\n<\/ul>\n\n\n\n<div style=\"height:16px\" aria-hidden=\"true\" class=\"wp-block-spacer\"><\/div>\n\n\n\n<h3 class=\"wp-block-heading\">Autres informations<\/h3>\n\n\n\n<p>Nous ne vendrons ni ne partagerons vos donn\u00e9es avec des tiers, sauf dans les cas suivants :<\/p>\n\n\n\n<ol class=\"wp-block-list mb-16\">\n<li>Si la loi l&rsquo;exige ;<\/li>\n\n\n\n<li>Si elle est n\u00e9cessaire pour une proc\u00e9dure judiciaire ;<\/li>\n\n\n\n<li>prouver ou prot\u00e9ger nos droits l\u00e9gaux ; et<\/li>\n\n\n\n<li>Aux acheteurs ou acheteurs potentiels de cette entreprise si nous cherchons \u00e0 la vendre.<\/li>\n<\/ol>\n\n\n\n<p>Si vous suivez des hyperliens de notre site vers un autre site, veuillez noter que nous ne sommes pas responsables de leurs politiques et pratiques en mati\u00e8re de protection de la vie priv\u00e9e et que nous n&rsquo;avons aucun contr\u00f4le sur celles-ci.<\/p>\n\n\n\n<div style=\"height:32px\" aria-hidden=\"true\" class=\"wp-block-spacer\"><\/div>\n\n\n\n<h3 class=\"wp-block-heading\">Dur\u00e9e de conservation des donn\u00e9es personnelles<\/h3>\n\n\n\n<p>Les donn\u00e9es des utilisateurs seront conserv\u00e9es jusqu&rsquo;\u00e0 ce que l&rsquo;objectif pour lequel elles ont \u00e9t\u00e9 collect\u00e9es ait \u00e9t\u00e9 atteint. Vous serez inform\u00e9 si vos donn\u00e9es sont conserv\u00e9es au-del\u00e0 de cette p\u00e9riode. <\/p>\n\n\n\n<div style=\"height:32px\" aria-hidden=\"true\" class=\"wp-block-spacer\"><\/div>\n\n\n\n<h3 class=\"wp-block-heading\">Comment nous prot\u00e9geons vos donn\u00e9es personnelles<\/h3>\n\n\n\n<p>Pour prot\u00e9ger votre s\u00e9curit\u00e9, nous utilisons le cryptage de navigateur le plus puissant qui soit et nous stockons toutes nos donn\u00e9es sur des serveurs situ\u00e9s dans des installations s\u00e9curis\u00e9es. Seuls nos employ\u00e9s ont acc\u00e8s \u00e0 l&rsquo;ensemble des donn\u00e9es. Bien que nous prenions toutes les pr\u00e9cautions raisonnables pour garantir la s\u00e9curit\u00e9 des donn\u00e9es des utilisateurs et leur protection, le risque de pr\u00e9judice est toujours pr\u00e9sent. L&rsquo;Internet dans son ensemble est parfois peu s\u00fbr et nous ne pouvons donc pas garantir la s\u00e9curit\u00e9 des donn\u00e9es des utilisateurs au-del\u00e0 de ce qui est raisonnablement possible.   <\/p>\n\n\n\n<div style=\"height:32px\" aria-hidden=\"true\" class=\"wp-block-spacer\"><\/div>\n\n\n\n<h3 class=\"wp-block-heading\">Les enfants<\/h3>\n\n\n\n<p>Nous ne collectons ni n&rsquo;utilisons sciemment les donn\u00e9es personnelles d&rsquo;enfants de moins de 13 ans. Si nous apprenons que nous avons collect\u00e9 des donn\u00e9es personnelles aupr\u00e8s d&rsquo;un enfant de moins de 13 ans, ces donn\u00e9es seront supprim\u00e9es d\u00e8s que possible. Si un enfant de moins de 13 ans nous a fourni des donn\u00e9es personnelles, ses parents ou son tuteur peuvent contacter notre responsable de la protection de la vie priv\u00e9e.  <\/p>\n\n\n\n<div style=\"height:32px\" aria-hidden=\"true\" class=\"wp-block-spacer\"><\/div>\n\n\n\n<h3 class=\"wp-block-heading\">Comment acc\u00e9der aux donn\u00e9es collect\u00e9es, les modifier, les supprimer ou les contester ?<\/h3>\n\n\n\n<p>Si vous souhaitez savoir si nous avons collect\u00e9 vos donn\u00e9es personnelles, comment nous les avons utilis\u00e9es, si nous les avons divulgu\u00e9es et \u00e0 qui nous les avons divulgu\u00e9es, ou si vous souhaitez que vos donn\u00e9es soient supprim\u00e9es ou modifi\u00e9es de quelque mani\u00e8re que ce soit, veuillez contacter notre responsable de la protection de la vie priv\u00e9e ici :<\/p>\n\n\n\n<p><strong>Responsable de la protection de la vie priv\u00e9e de Perspectives plurielles :<\/strong> <a href=\"mailto:info@perspectivesplurielles.org\">info@perspectivesplurielles.org<\/a><\/p>\n\n\n\n<div style=\"height:32px\" aria-hidden=\"true\" class=\"wp-block-spacer\"><\/div>\n\n\n\n<h3 class=\"wp-block-heading\">Comment refuser la collecte, l&rsquo;utilisation ou la divulgation des donn\u00e9es ?<\/h3>\n\n\n\n<p>Outre les m\u00e9thodes d\u00e9crites dans la section Comment acc\u00e9der aux donn\u00e9es collect\u00e9es, les modifier, les supprimer ou les contester, nous proposons les m\u00e9thodes de refus sp\u00e9cifiques suivantes pour les formes de collecte, d&rsquo;utilisation ou de divulgation de vos donn\u00e9es \u00e0 caract\u00e8re personnel sp\u00e9cifi\u00e9es ci-dessous :<\/p>\n\n\n\n<ul class=\"wp-block-list\">\n<li>Vous pouvez refuser que vos donn\u00e9es personnelles soient utilis\u00e9es pour des courriels de marketing. Vous pouvez vous d\u00e9sinscrire en cliquant sur \u00ab\u00a0unsubscribe\u00a0\u00bb au bas de chaque e-mail de marketing. <\/li>\n<\/ul>\n\n\n\n<div style=\"height:16px\" aria-hidden=\"true\" class=\"wp-block-spacer\"><\/div>\n\n\n\n<h3 class=\"wp-block-heading\">Politique en mati\u00e8re de cookies<\/h3>\n\n\n\n<p>Un cookie est un petit fichier stock\u00e9 sur le disque dur de l&rsquo;utilisateur par un site web. Il a pour but de collecter des donn\u00e9es relatives aux habitudes de navigation de l&rsquo;utilisateur. Vous pouvez choisir d&rsquo;\u00eatre averti \u00e0 chaque fois qu&rsquo;un cookie est transmis. Vous pouvez \u00e9galement choisir de d\u00e9sactiver compl\u00e8tement les cookies dans votre navigateur Internet, mais cela peut diminuer la qualit\u00e9 de votre exp\u00e9rience utilisateur.   <\/p>\n\n\n\n<p>Nous utilisons les types de cookies suivants sur notre site :<\/p>\n\n\n\n<ol class=\"wp-block-list\">\n<li><strong>Les cookies analytiques :<\/strong> Les cookies analytiques nous permettent d&rsquo;am\u00e9liorer la conception et la fonctionnalit\u00e9 de notre site en collectant des donn\u00e9es sur la mani\u00e8re dont vous acc\u00e9dez \u00e0 notre site, par exemple des donn\u00e9es sur le contenu auquel vous acc\u00e9dez, la dur\u00e9e de votre visite sur notre site, etc ;<\/li>\n\n\n\n<li><strong>Cookies de ciblage :<\/strong> Les cookies de ciblage collectent des donn\u00e9es sur la mani\u00e8re dont vous utilisez le site et sur vos pr\u00e9f\u00e9rences. Cela nous permet de personnaliser les informations que vous voyez sur notre site ; et <\/li>\n\n\n\n<li><strong>Cookies de tiers :<\/strong> Les cookies de tiers sont cr\u00e9\u00e9s par un site web autre que le n\u00f4tre. Nous pouvons utiliser des cookies de tiers pour atteindre les objectifs suivants : Contr\u00f4ler les liens sur lesquels les utilisateurs cliquent. <\/li>\n<\/ol>\n\n\n\n<div style=\"height:16px\" aria-hidden=\"true\" class=\"wp-block-spacer\"><\/div>\n\n\n\n<h3 class=\"wp-block-heading\">Modifications<\/h3>\n\n\n\n<p>La pr\u00e9sente politique de protection de la vie priv\u00e9e peut \u00eatre modifi\u00e9e de temps \u00e0 autre afin de rester conforme \u00e0 la loi et de refl\u00e9ter toute modification apport\u00e9e \u00e0 notre processus de collecte de donn\u00e9es. Lorsque nous modifions la pr\u00e9sente politique de confidentialit\u00e9, nous mettons \u00e0 jour la \u00ab\u00a0date d&rsquo;entr\u00e9e en vigueur\u00a0\u00bb en haut de la pr\u00e9sente politique de confidentialit\u00e9. Nous recommandons \u00e0 nos utilisateurs de consulter r\u00e9guli\u00e8rement notre politique de protection de la vie priv\u00e9e afin de s&rsquo;assurer qu&rsquo;ils sont inform\u00e9s de toute mise \u00e0 jour. Le cas \u00e9ch\u00e9ant, nous pouvons informer les utilisateurs par courrier \u00e9lectronique des modifications apport\u00e9es \u00e0 la pr\u00e9sente politique de confidentialit\u00e9.   <\/p>\n\n\n\n<div style=\"height:32px\" aria-hidden=\"true\" class=\"wp-block-spacer\"><\/div>\n\n\n\n<h3 class=\"wp-block-heading\">Pour nous contacter<\/h3>\n\n\n\n<p><strong>Si vous avez des questions, des pr\u00e9occupations ou des plaintes, vous pouvez contacter le responsable de la protection de la vie priv\u00e9e de Perspectives plurielles : <\/strong><a href=\"mailto:info@informedopinions.org\"><a href=\"mailto:info@perspectivesplurielles.org\">info@perspectivesplurielles.org<\/a><\/a><\/p>\n\n\n\n<div style=\"height:16px\" aria-hidden=\"true\" class=\"wp-block-spacer\"><\/div>\n<\/div>\n<\/div>\n","protected":false},"excerpt":{"rendered":"<p>Politique de confidentialit\u00e9 Date d&rsquo;entr\u00e9e en vigueur : 25 juillet 2023 Objectif L&rsquo;objectif de la pr\u00e9sente politique de confidentialit\u00e9 (la \u00ab\u00a0politique de confidentialit\u00e9\u00a0\u00bb) est d&rsquo;informer les utilisateurs de notre site des \u00e9l\u00e9ments suivants : La pr\u00e9sente politique de confidentialit\u00e9 s&rsquo;applique en compl\u00e9ment des conditions g\u00e9n\u00e9rales de notre site. Consentement En utilisant notre site, les utilisateurs [&hellip;]<\/p>\n","protected":false},"author":1,"featured_media":0,"parent":0,"menu_order":0,"comment_status":"closed","ping_status":"closed","template":"","meta":{"_acf_changed":false,"footnotes":""},"class_list":["post-91330","page","type-page","status-publish","hentry"],"acf":[],"yoast_head":"<!-- This site is optimized with the Yoast SEO plugin v26.6 - https:\/\/yoast.com\/wordpress\/plugins\/seo\/ -->\n<title>Politique de confidentialit\u00e9 - Informed Perspectives<\/title>\n<meta name=\"robots\" content=\"index, follow, max-snippet:-1, max-image-preview:large, max-video-preview:-1\" \/>\n<link rel=\"canonical\" href=\"https:\/\/informedperspectives.org\/fr\/politique-de-confidentialite\/\" \/>\n<meta property=\"og:locale\" content=\"fr_FR\" \/>\n<meta property=\"og:type\" content=\"article\" \/>\n<meta property=\"og:title\" content=\"Politique de confidentialit\u00e9 - Informed Perspectives\" \/>\n<meta property=\"og:description\" content=\"Politique de confidentialit\u00e9 Date d&rsquo;entr\u00e9e en vigueur : 25 juillet 2023 Objectif L&rsquo;objectif de la pr\u00e9sente politique de confidentialit\u00e9 (la \u00ab\u00a0politique de confidentialit\u00e9\u00a0\u00bb) est d&rsquo;informer les utilisateurs de notre site des \u00e9l\u00e9ments suivants : La pr\u00e9sente politique de confidentialit\u00e9 s&rsquo;applique en compl\u00e9ment des conditions g\u00e9n\u00e9rales de notre site. Consentement En utilisant notre site, les utilisateurs [&hellip;]\" \/>\n<meta property=\"og:url\" content=\"https:\/\/informedperspectives.org\/fr\/politique-de-confidentialite\/\" \/>\n<meta property=\"og:site_name\" content=\"Informed Perspectives\" \/>\n<meta property=\"article:modified_time\" content=\"2025-12-16T12:32:34+00:00\" \/>\n<meta name=\"twitter:card\" content=\"summary_large_image\" \/>\n<meta name=\"twitter:label1\" content=\"Dur\u00e9e de lecture estim\u00e9e\" \/>\n\t<meta name=\"twitter:data1\" content=\"6 minutes\" \/>\n<script type=\"application\/ld+json\" class=\"yoast-schema-graph\">{\"@context\":\"https:\/\/schema.org\",\"@graph\":[{\"@type\":\"WebPage\",\"@id\":\"https:\/\/informedperspectives.org\/fr\/politique-de-confidentialite\/\",\"url\":\"https:\/\/informedperspectives.org\/fr\/politique-de-confidentialite\/\",\"name\":\"Politique de confidentialit\u00e9 - Informed Perspectives\",\"isPartOf\":{\"@id\":\"https:\/\/informedperspectives.org\/fr\/#website\"},\"datePublished\":\"2025-04-03T16:32:44+00:00\",\"dateModified\":\"2025-12-16T12:32:34+00:00\",\"breadcrumb\":{\"@id\":\"https:\/\/informedperspectives.org\/fr\/politique-de-confidentialite\/#breadcrumb\"},\"inLanguage\":\"fr-FR\",\"potentialAction\":[{\"@type\":\"ReadAction\",\"target\":[\"https:\/\/informedperspectives.org\/fr\/politique-de-confidentialite\/\"]}]},{\"@type\":\"BreadcrumbList\",\"@id\":\"https:\/\/informedperspectives.org\/fr\/politique-de-confidentialite\/#breadcrumb\",\"itemListElement\":[{\"@type\":\"ListItem\",\"position\":1,\"name\":\"Home\",\"item\":\"https:\/\/informedperspectives.org\/fr\/\"},{\"@type\":\"ListItem\",\"position\":2,\"name\":\"Politique de confidentialit\u00e9\"}]},{\"@type\":\"WebSite\",\"@id\":\"https:\/\/informedperspectives.org\/fr\/#website\",\"url\":\"https:\/\/informedperspectives.org\/fr\/\",\"name\":\"Informed Perspectives\",\"description\":\"Informed Perspectives amplifies the voices of women and gender-diverse people for a more equitable society\",\"potentialAction\":[{\"@type\":\"SearchAction\",\"target\":{\"@type\":\"EntryPoint\",\"urlTemplate\":\"https:\/\/informedperspectives.org\/fr\/?s={search_term_string}\"},\"query-input\":{\"@type\":\"PropertyValueSpecification\",\"valueRequired\":true,\"valueName\":\"search_term_string\"}}],\"inLanguage\":\"fr-FR\"}]}<\/script>\n<!-- \/ Yoast SEO plugin. -->","yoast_head_json":{"title":"Politique de confidentialit\u00e9 - Informed Perspectives","robots":{"index":"index","follow":"follow","max-snippet":"max-snippet:-1","max-image-preview":"max-image-preview:large","max-video-preview":"max-video-preview:-1"},"canonical":"https:\/\/informedperspectives.org\/fr\/politique-de-confidentialite\/","og_locale":"fr_FR","og_type":"article","og_title":"Politique de confidentialit\u00e9 - Informed Perspectives","og_description":"Politique de confidentialit\u00e9 Date d&rsquo;entr\u00e9e en vigueur : 25 juillet 2023 Objectif L&rsquo;objectif de la pr\u00e9sente politique de confidentialit\u00e9 (la \u00ab\u00a0politique de confidentialit\u00e9\u00a0\u00bb) est d&rsquo;informer les utilisateurs de notre site des \u00e9l\u00e9ments suivants : La pr\u00e9sente politique de confidentialit\u00e9 s&rsquo;applique en compl\u00e9ment des conditions g\u00e9n\u00e9rales de notre site. Consentement En utilisant notre site, les utilisateurs [&hellip;]","og_url":"https:\/\/informedperspectives.org\/fr\/politique-de-confidentialite\/","og_site_name":"Informed Perspectives","article_modified_time":"2025-12-16T12:32:34+00:00","twitter_card":"summary_large_image","twitter_misc":{"Dur\u00e9e de lecture estim\u00e9e":"6 minutes"},"schema":{"@context":"https:\/\/schema.org","@graph":[{"@type":"WebPage","@id":"https:\/\/informedperspectives.org\/fr\/politique-de-confidentialite\/","url":"https:\/\/informedperspectives.org\/fr\/politique-de-confidentialite\/","name":"Politique de confidentialit\u00e9 - Informed Perspectives","isPartOf":{"@id":"https:\/\/informedperspectives.org\/fr\/#website"},"datePublished":"2025-04-03T16:32:44+00:00","dateModified":"2025-12-16T12:32:34+00:00","breadcrumb":{"@id":"https:\/\/informedperspectives.org\/fr\/politique-de-confidentialite\/#breadcrumb"},"inLanguage":"fr-FR","potentialAction":[{"@type":"ReadAction","target":["https:\/\/informedperspectives.org\/fr\/politique-de-confidentialite\/"]}]},{"@type":"BreadcrumbList","@id":"https:\/\/informedperspectives.org\/fr\/politique-de-confidentialite\/#breadcrumb","itemListElement":[{"@type":"ListItem","position":1,"name":"Home","item":"https:\/\/informedperspectives.org\/fr\/"},{"@type":"ListItem","position":2,"name":"Politique de confidentialit\u00e9"}]},{"@type":"WebSite","@id":"https:\/\/informedperspectives.org\/fr\/#website","url":"https:\/\/informedperspectives.org\/fr\/","name":"Informed Perspectives","description":"Informed Perspectives amplifies the voices of women and gender-diverse people for a more equitable society","potentialAction":[{"@type":"SearchAction","target":{"@type":"EntryPoint","urlTemplate":"https:\/\/informedperspectives.org\/fr\/?s={search_term_string}"},"query-input":{"@type":"PropertyValueSpecification","valueRequired":true,"valueName":"search_term_string"}}],"inLanguage":"fr-FR"}]}},"jetpack_sharing_enabled":true,"_links":{"self":[{"href":"https:\/\/informedperspectives.org\/fr\/wp-json\/wp\/v2\/pages\/91330","targetHints":{"allow":["GET"]}}],"collection":[{"href":"https:\/\/informedperspectives.org\/fr\/wp-json\/wp\/v2\/pages"}],"about":[{"href":"https:\/\/informedperspectives.org\/fr\/wp-json\/wp\/v2\/types\/page"}],"author":[{"embeddable":true,"href":"https:\/\/informedperspectives.org\/fr\/wp-json\/wp\/v2\/users\/1"}],"replies":[{"embeddable":true,"href":"https:\/\/informedperspectives.org\/fr\/wp-json\/wp\/v2\/comments?post=91330"}],"version-history":[{"count":3,"href":"https:\/\/informedperspectives.org\/fr\/wp-json\/wp\/v2\/pages\/91330\/revisions"}],"predecessor-version":[{"id":93065,"href":"https:\/\/informedperspectives.org\/fr\/wp-json\/wp\/v2\/pages\/91330\/revisions\/93065"}],"wp:attachment":[{"href":"https:\/\/informedperspectives.org\/fr\/wp-json\/wp\/v2\/media?parent=91330"}],"curies":[{"name":"wp","href":"https:\/\/api.w.org\/{rel}","templated":true}]}}