{"id":91325,"date":"2025-04-09T07:07:29","date_gmt":"2025-04-09T11:07:29","guid":{"rendered":"https:\/\/informedperspectives.org\/recherche\/"},"modified":"2026-04-29T05:20:43","modified_gmt":"2026-04-29T09:20:43","slug":"recherche","status":"publish","type":"page","link":"https:\/\/informedperspectives.org\/fr\/recherche\/","title":{"rendered":"Recherche"},"content":{"rendered":"\n<section class=\"content-hero  \" >\n    <div class=\"container\">\n                    <div class=\"row\">\n                <div class=\"content none\">\n                    <h1>P\u00d4LE DE RECHERCHE<\/h1>\n<h3><b><span style=\"font-family: tahoma, sans-serif;\">La recherche constitue une part importante de notre travail visant \u00e0 combler l\u2019\u00e9cart entre les genres dans les m\u00e9dias et l\u2019espace public. Nous analysons les tendances, suivons la repr\u00e9sentation et \u00e9laborons des pistes concr\u00e8tes, fond\u00e9es sur des donn\u00e9es probantes, pour favoriser une plus grande \u00e9quit\u00e9 tant dans les sph\u00e8res m\u00e9diatiques que politiques.\u00a0<\/span>D\u00e9couvrez ci-dessous les donn\u00e9es et ce qu\u2019elles r\u00e9v\u00e8lent.<\/b><\/h3>\n                <\/div>\n            <\/div>\n                    <\/div>\n<\/section>","protected":false},"excerpt":{"rendered":"","protected":false},"author":1,"featured_media":0,"parent":0,"menu_order":0,"comment_status":"closed","ping_status":"closed","template":"templates\/research-listing.php","meta":{"_acf_changed":false,"footnotes":""},"class_list":["post-91325","page","type-page","status-publish","hentry"],"acf":[],"yoast_head":"<!-- This site is optimized with the Yoast SEO plugin v26.6 - https:\/\/yoast.com\/wordpress\/plugins\/seo\/ -->\n<title>Recherche - Informed Perspectives<\/title>\n<meta name=\"robots\" content=\"index, follow, max-snippet:-1, max-image-preview:large, max-video-preview:-1\" \/>\n<link rel=\"canonical\" href=\"https:\/\/informedperspectives.org\/fr\/recherche\/\" \/>\n<meta property=\"og:locale\" content=\"fr_FR\" \/>\n<meta property=\"og:type\" content=\"article\" \/>\n<meta property=\"og:title\" content=\"Recherche - Informed Perspectives\" \/>\n<meta property=\"og:url\" content=\"https:\/\/informedperspectives.org\/fr\/recherche\/\" \/>\n<meta property=\"og:site_name\" content=\"Informed Perspectives\" \/>\n<meta property=\"article:modified_time\" content=\"2026-04-29T09:20:43+00:00\" \/>\n<meta name=\"twitter:card\" content=\"summary_large_image\" \/>\n<script type=\"application\/ld+json\" class=\"yoast-schema-graph\">{\"@context\":\"https:\/\/schema.org\",\"@graph\":[{\"@type\":\"WebPage\",\"@id\":\"https:\/\/informedperspectives.org\/fr\/recherche\/\",\"url\":\"https:\/\/informedperspectives.org\/fr\/recherche\/\",\"name\":\"Recherche - Informed Perspectives\",\"isPartOf\":{\"@id\":\"https:\/\/informedperspectives.org\/fr\/#website\"},\"datePublished\":\"2025-04-09T11:07:29+00:00\",\"dateModified\":\"2026-04-29T09:20:43+00:00\",\"breadcrumb\":{\"@id\":\"https:\/\/informedperspectives.org\/fr\/recherche\/#breadcrumb\"},\"inLanguage\":\"fr-FR\",\"potentialAction\":[{\"@type\":\"ReadAction\",\"target\":[\"https:\/\/informedperspectives.org\/fr\/recherche\/\"]}]},{\"@type\":\"BreadcrumbList\",\"@id\":\"https:\/\/informedperspectives.org\/fr\/recherche\/#breadcrumb\",\"itemListElement\":[{\"@type\":\"ListItem\",\"position\":1,\"name\":\"Home\",\"item\":\"https:\/\/informedperspectives.org\/fr\/\"},{\"@type\":\"ListItem\",\"position\":2,\"name\":\"Recherche\"}]},{\"@type\":\"WebSite\",\"@id\":\"https:\/\/informedperspectives.org\/fr\/#website\",\"url\":\"https:\/\/informedperspectives.org\/fr\/\",\"name\":\"Informed Perspectives\",\"description\":\"Informed Perspectives amplifies the voices of women and gender-diverse people for a more equitable society\",\"potentialAction\":[{\"@type\":\"SearchAction\",\"target\":{\"@type\":\"EntryPoint\",\"urlTemplate\":\"https:\/\/informedperspectives.org\/fr\/?s={search_term_string}\"},\"query-input\":{\"@type\":\"PropertyValueSpecification\",\"valueRequired\":true,\"valueName\":\"search_term_string\"}}],\"inLanguage\":\"fr-FR\"}]}<\/script>\n<!-- \/ Yoast SEO plugin. -->","yoast_head_json":{"title":"Recherche - Informed Perspectives","robots":{"index":"index","follow":"follow","max-snippet":"max-snippet:-1","max-image-preview":"max-image-preview:large","max-video-preview":"max-video-preview:-1"},"canonical":"https:\/\/informedperspectives.org\/fr\/recherche\/","og_locale":"fr_FR","og_type":"article","og_title":"Recherche - Informed Perspectives","og_url":"https:\/\/informedperspectives.org\/fr\/recherche\/","og_site_name":"Informed Perspectives","article_modified_time":"2026-04-29T09:20:43+00:00","twitter_card":"summary_large_image","schema":{"@context":"https:\/\/schema.org","@graph":[{"@type":"WebPage","@id":"https:\/\/informedperspectives.org\/fr\/recherche\/","url":"https:\/\/informedperspectives.org\/fr\/recherche\/","name":"Recherche - Informed Perspectives","isPartOf":{"@id":"https:\/\/informedperspectives.org\/fr\/#website"},"datePublished":"2025-04-09T11:07:29+00:00","dateModified":"2026-04-29T09:20:43+00:00","breadcrumb":{"@id":"https:\/\/informedperspectives.org\/fr\/recherche\/#breadcrumb"},"inLanguage":"fr-FR","potentialAction":[{"@type":"ReadAction","target":["https:\/\/informedperspectives.org\/fr\/recherche\/"]}]},{"@type":"BreadcrumbList","@id":"https:\/\/informedperspectives.org\/fr\/recherche\/#breadcrumb","itemListElement":[{"@type":"ListItem","position":1,"name":"Home","item":"https:\/\/informedperspectives.org\/fr\/"},{"@type":"ListItem","position":2,"name":"Recherche"}]},{"@type":"WebSite","@id":"https:\/\/informedperspectives.org\/fr\/#website","url":"https:\/\/informedperspectives.org\/fr\/","name":"Informed Perspectives","description":"Informed Perspectives amplifies the voices of women and gender-diverse people for a more equitable society","potentialAction":[{"@type":"SearchAction","target":{"@type":"EntryPoint","urlTemplate":"https:\/\/informedperspectives.org\/fr\/?s={search_term_string}"},"query-input":{"@type":"PropertyValueSpecification","valueRequired":true,"valueName":"search_term_string"}}],"inLanguage":"fr-FR"}]}},"jetpack_sharing_enabled":true,"_links":{"self":[{"href":"https:\/\/informedperspectives.org\/fr\/wp-json\/wp\/v2\/pages\/91325","targetHints":{"allow":["GET"]}}],"collection":[{"href":"https:\/\/informedperspectives.org\/fr\/wp-json\/wp\/v2\/pages"}],"about":[{"href":"https:\/\/informedperspectives.org\/fr\/wp-json\/wp\/v2\/types\/page"}],"author":[{"embeddable":true,"href":"https:\/\/informedperspectives.org\/fr\/wp-json\/wp\/v2\/users\/1"}],"replies":[{"embeddable":true,"href":"https:\/\/informedperspectives.org\/fr\/wp-json\/wp\/v2\/comments?post=91325"}],"version-history":[{"count":2,"href":"https:\/\/informedperspectives.org\/fr\/wp-json\/wp\/v2\/pages\/91325\/revisions"}],"predecessor-version":[{"id":94680,"href":"https:\/\/informedperspectives.org\/fr\/wp-json\/wp\/v2\/pages\/91325\/revisions\/94680"}],"wp:attachment":[{"href":"https:\/\/informedperspectives.org\/fr\/wp-json\/wp\/v2\/media?parent=91325"}],"curies":[{"name":"wp","href":"https:\/\/api.w.org\/{rel}","templated":true}]}}