{"id":91312,"date":"2025-04-08T14:19:41","date_gmt":"2025-04-08T18:19:41","guid":{"rendered":"https:\/\/informedperspectives.org\/base-de-donnees-dexperts\/"},"modified":"2025-12-16T07:30:33","modified_gmt":"2025-12-16T12:30:33","slug":"base-de-donnees-dexperts","status":"publish","type":"page","link":"https:\/\/informedperspectives.org\/fr\/base-de-donnees-dexperts\/","title":{"rendered":"R\u00e9pertoire d&rsquo;expertes"},"content":{"rendered":"\n<div id=\"card-with-background-block-block_d1e3c88a32f43ae54500735f0c88119f\" class=\"card-with-background-block conversation-database\"\n    style=\"background-image: url(&#039;https:\/\/informedperspectives.org\/wp-content\/uploads\/2025\/05\/Framexsa-scaled.png&#039;);\">\n    <div class=\"container\">\n        <div class=\"row justify-content-center \">\n            <div class=\"col-lg-7 --card-column\">\n                <div\n                    class=\"card-background-block --card primary-dark-magenta \">\n                    <div class=\"top-content\">\n                        \n                                            <\/div>\n\n                                            <div class=\"card-background-block --content hms-48\">\n                            <h1><span style=\"color: #400530;\">Partagez votre expertise.<\/span><br \/>\nChangez le discours.<\/h1>\n<p>Les femmes et les voix de la diversit\u00e9 des genres repr\u00e9sentent moins d&rsquo;un tiers de la couverture m\u00e9diatique canadienne. Votre point de vue est n\u00e9cessaire pour changer cette situation. En incluant des voix comme la v\u00f4tre, notre base de donn\u00e9es gratuite d&rsquo;expertes permet aux journalistes, aux productrices de podcasts et aux organisatrices d&rsquo;\u00e9v\u00e9nements de diversifier leurs sources tout en mettant de l&rsquo;avant vos id\u00e9es et votre impact.<\/p>\n                        <\/div>\n                    \n                                            <div class=\"cta\">\n                                                            <a class=\"btn magenta\"\n                                    href=\"https:\/\/informedperspectives.org\/fr\/rejoignez-la-base-de-donnees\/\" class=\"card-background-block --button\"\n                                    target=\"\">\n                                    Rejoignez le r\u00e9pertoire                                <\/a>\n                                                    <\/div>\n                                        <!-- end button -->\n                                        <!-- end bottom image -->\n\n\n                                    <\/div>\n            <\/div>\n        <\/div>\n    <\/div>\n<\/div>\n\n<!-- The Modal -->\n<div id=\"card-modal\" class=\"modal-overlay form-popup\">\n    <div class=\"modal-content\">\n        <span class=\"card-close-modal\">\n            <svg xmlns=\"http:\/\/www.w3.org\/2000\/svg\" width=\"24\" height=\"24\" viewBox=\"0 0 24 24\" fill=\"none\">\n                <path\n                    d=\"M19.1471 18.3521C19.2024 18.4036 19.2467 18.4657 19.2775 18.5347C19.3082 18.6037 19.3248 18.6782 19.3261 18.7537C19.3274 18.8293 19.3135 18.9043 19.2852 18.9743C19.2569 19.0444 19.2148 19.108 19.1614 19.1614C19.108 19.2148 19.0444 19.2569 18.9743 19.2852C18.9043 19.3135 18.8293 19.3274 18.7537 19.3261C18.6782 19.3248 18.6037 19.3082 18.5347 19.2775C18.4657 19.2467 18.4036 19.2024 18.3521 19.1471L11.9996 12.7956L5.64714 19.1471C5.54051 19.2465 5.39947 19.3006 5.25375 19.298C5.10802 19.2955 4.96898 19.2364 4.86592 19.1334C4.76286 19.0303 4.70383 18.8913 4.70126 18.7455C4.69869 18.5998 4.75278 18.4588 4.85214 18.3521L11.2037 11.9996L4.85214 5.64714C4.75278 5.54051 4.69869 5.39947 4.70126 5.25375C4.70383 5.10802 4.76286 4.96898 4.86592 4.86592C4.96898 4.76286 5.10802 4.70383 5.25375 4.70126C5.39947 4.69869 5.54051 4.75278 5.64714 4.85214L11.9996 11.2037L18.3521 4.85214C18.4588 4.75278 18.5998 4.69869 18.7455 4.70126C18.8913 4.70383 19.0303 4.76286 19.1334 4.86592C19.2364 4.96898 19.2955 5.10802 19.298 5.25375C19.3006 5.39947 19.2465 5.54051 19.1471 5.64714L12.7956 11.9996L19.1471 18.3521Z\"\n                    fill=\"#161616\" \/>\n            <\/svg><\/span>\n        <div class=\"form-container\">\n            <!-- Begin Constant Contact Inline Form Code -->\n            <div class=\"ctct-inline-form\" data-form-id=\"\"><\/div>\n            <!-- End Constant Contact Inline Form Code -->\n        <\/div>\n    <\/div>\n<\/div>\n<!-- The CSS -->\n<style>\n    .modal-overlay {\n        display: none;\n        position: fixed;\n        top: 0;\n        left: 0;\n        width: 100%;\n        height: 100%;\n        background-color: rgba(0, 0, 0, 0.5);\n        z-index: 1000;\n    }\n\n    .modal-content {\n        position: relative;\n        background-color: #fff;\n        margin: 5% auto;\n        padding: 20px;\n        width: 90%;\n        max-width: 600px;\n        border-radius: 5px;\n        box-shadow: 0 4px 6px rgba(0, 0, 0, 0.1);\n    }\n\n    .card-close-modal {\n        position: absolute;\n        right: 2.2rem;\n        top: 3.2rem;\n        font-size: 24px;\n        font-weight: bold;\n        cursor: pointer;\n    }\n\n    .card-close-modal:hover {\n        color: #666;\n    }\n<\/style>\n\n<!-- The JavaScript -->\n<script>\n    document.addEventListener('DOMContentLoaded', function () {\n        const modal = document.getElementById('card-modal')\n        const closeBtn = document.querySelector('.card-close-modal');\n        const popupTriggers = document.querySelectorAll('a[data-popup=\"card-modal\"]');\n\n        function openModal(e) {\n            e.preventDefault();\n            modal.style.display = 'block';\n        }\n\n        \/\/ Add event listeners to all popup trigger buttons\n        if (popupTriggers.length > 0) {\n            popupTriggers.forEach(function(trigger) {\n                trigger.addEventListener('click', openModal);\n            });\n        }\n\n        if (closeBtn) {\n            closeBtn.addEventListener('click', function () {\n                modal.style.display = 'none';\n            });\n        }\n\n        window.addEventListener('click', function (e) {\n            if (e.target === modal) {\n                modal.style.display = 'none';\n            }\n        });\n    });\n\n<\/script>","protected":false},"excerpt":{"rendered":"","protected":false},"author":1,"featured_media":0,"parent":0,"menu_order":0,"comment_status":"closed","ping_status":"closed","template":"templates\/find-expert.php","meta":{"_acf_changed":false,"footnotes":""},"class_list":["post-91312","page","type-page","status-publish","hentry"],"acf":[],"yoast_head":"<!-- This site is optimized with the Yoast SEO plugin v26.6 - https:\/\/yoast.com\/wordpress\/plugins\/seo\/ -->\n<title>R\u00e9pertoire d&#039;expertes - Informed Perspectives<\/title>\n<meta name=\"robots\" content=\"index, follow, max-snippet:-1, max-image-preview:large, max-video-preview:-1\" \/>\n<link rel=\"canonical\" href=\"https:\/\/informedperspectives.org\/fr\/base-de-donnees-dexperts\/\" \/>\n<meta property=\"og:locale\" content=\"fr_FR\" \/>\n<meta property=\"og:type\" content=\"article\" \/>\n<meta property=\"og:title\" content=\"R\u00e9pertoire d&#039;expertes - Informed Perspectives\" \/>\n<meta property=\"og:url\" content=\"https:\/\/informedperspectives.org\/fr\/base-de-donnees-dexperts\/\" \/>\n<meta property=\"og:site_name\" content=\"Informed Perspectives\" \/>\n<meta property=\"article:modified_time\" content=\"2025-12-16T12:30:33+00:00\" \/>\n<meta name=\"twitter:card\" content=\"summary_large_image\" \/>\n<script type=\"application\/ld+json\" class=\"yoast-schema-graph\">{\"@context\":\"https:\/\/schema.org\",\"@graph\":[{\"@type\":\"WebPage\",\"@id\":\"https:\/\/informedperspectives.org\/fr\/base-de-donnees-dexperts\/\",\"url\":\"https:\/\/informedperspectives.org\/fr\/base-de-donnees-dexperts\/\",\"name\":\"R\u00e9pertoire d'expertes - Informed Perspectives\",\"isPartOf\":{\"@id\":\"https:\/\/informedperspectives.org\/fr\/#website\"},\"datePublished\":\"2025-04-08T18:19:41+00:00\",\"dateModified\":\"2025-12-16T12:30:33+00:00\",\"breadcrumb\":{\"@id\":\"https:\/\/informedperspectives.org\/fr\/base-de-donnees-dexperts\/#breadcrumb\"},\"inLanguage\":\"fr-FR\",\"potentialAction\":[{\"@type\":\"ReadAction\",\"target\":[\"https:\/\/informedperspectives.org\/fr\/base-de-donnees-dexperts\/\"]}]},{\"@type\":\"BreadcrumbList\",\"@id\":\"https:\/\/informedperspectives.org\/fr\/base-de-donnees-dexperts\/#breadcrumb\",\"itemListElement\":[{\"@type\":\"ListItem\",\"position\":1,\"name\":\"Home\",\"item\":\"https:\/\/informedperspectives.org\/fr\/\"},{\"@type\":\"ListItem\",\"position\":2,\"name\":\"R\u00e9pertoire d&rsquo;expertes\"}]},{\"@type\":\"WebSite\",\"@id\":\"https:\/\/informedperspectives.org\/fr\/#website\",\"url\":\"https:\/\/informedperspectives.org\/fr\/\",\"name\":\"Informed Perspectives\",\"description\":\"Informed Perspectives amplifies the voices of women and gender-diverse people for a more equitable society\",\"potentialAction\":[{\"@type\":\"SearchAction\",\"target\":{\"@type\":\"EntryPoint\",\"urlTemplate\":\"https:\/\/informedperspectives.org\/fr\/?s={search_term_string}\"},\"query-input\":{\"@type\":\"PropertyValueSpecification\",\"valueRequired\":true,\"valueName\":\"search_term_string\"}}],\"inLanguage\":\"fr-FR\"}]}<\/script>\n<!-- \/ Yoast SEO plugin. -->","yoast_head_json":{"title":"R\u00e9pertoire d'expertes - Informed Perspectives","robots":{"index":"index","follow":"follow","max-snippet":"max-snippet:-1","max-image-preview":"max-image-preview:large","max-video-preview":"max-video-preview:-1"},"canonical":"https:\/\/informedperspectives.org\/fr\/base-de-donnees-dexperts\/","og_locale":"fr_FR","og_type":"article","og_title":"R\u00e9pertoire d'expertes - Informed Perspectives","og_url":"https:\/\/informedperspectives.org\/fr\/base-de-donnees-dexperts\/","og_site_name":"Informed Perspectives","article_modified_time":"2025-12-16T12:30:33+00:00","twitter_card":"summary_large_image","schema":{"@context":"https:\/\/schema.org","@graph":[{"@type":"WebPage","@id":"https:\/\/informedperspectives.org\/fr\/base-de-donnees-dexperts\/","url":"https:\/\/informedperspectives.org\/fr\/base-de-donnees-dexperts\/","name":"R\u00e9pertoire d'expertes - Informed Perspectives","isPartOf":{"@id":"https:\/\/informedperspectives.org\/fr\/#website"},"datePublished":"2025-04-08T18:19:41+00:00","dateModified":"2025-12-16T12:30:33+00:00","breadcrumb":{"@id":"https:\/\/informedperspectives.org\/fr\/base-de-donnees-dexperts\/#breadcrumb"},"inLanguage":"fr-FR","potentialAction":[{"@type":"ReadAction","target":["https:\/\/informedperspectives.org\/fr\/base-de-donnees-dexperts\/"]}]},{"@type":"BreadcrumbList","@id":"https:\/\/informedperspectives.org\/fr\/base-de-donnees-dexperts\/#breadcrumb","itemListElement":[{"@type":"ListItem","position":1,"name":"Home","item":"https:\/\/informedperspectives.org\/fr\/"},{"@type":"ListItem","position":2,"name":"R\u00e9pertoire d&rsquo;expertes"}]},{"@type":"WebSite","@id":"https:\/\/informedperspectives.org\/fr\/#website","url":"https:\/\/informedperspectives.org\/fr\/","name":"Informed Perspectives","description":"Informed Perspectives amplifies the voices of women and gender-diverse people for a more equitable society","potentialAction":[{"@type":"SearchAction","target":{"@type":"EntryPoint","urlTemplate":"https:\/\/informedperspectives.org\/fr\/?s={search_term_string}"},"query-input":{"@type":"PropertyValueSpecification","valueRequired":true,"valueName":"search_term_string"}}],"inLanguage":"fr-FR"}]}},"jetpack_sharing_enabled":true,"_links":{"self":[{"href":"https:\/\/informedperspectives.org\/fr\/wp-json\/wp\/v2\/pages\/91312","targetHints":{"allow":["GET"]}}],"collection":[{"href":"https:\/\/informedperspectives.org\/fr\/wp-json\/wp\/v2\/pages"}],"about":[{"href":"https:\/\/informedperspectives.org\/fr\/wp-json\/wp\/v2\/types\/page"}],"author":[{"embeddable":true,"href":"https:\/\/informedperspectives.org\/fr\/wp-json\/wp\/v2\/users\/1"}],"replies":[{"embeddable":true,"href":"https:\/\/informedperspectives.org\/fr\/wp-json\/wp\/v2\/comments?post=91312"}],"version-history":[{"count":7,"href":"https:\/\/informedperspectives.org\/fr\/wp-json\/wp\/v2\/pages\/91312\/revisions"}],"predecessor-version":[{"id":93466,"href":"https:\/\/informedperspectives.org\/fr\/wp-json\/wp\/v2\/pages\/91312\/revisions\/93466"}],"wp:attachment":[{"href":"https:\/\/informedperspectives.org\/fr\/wp-json\/wp\/v2\/media?parent=91312"}],"curies":[{"name":"wp","href":"https:\/\/api.w.org\/{rel}","templated":true}]}}