{"id":91303,"date":"2025-04-09T12:13:45","date_gmt":"2025-04-09T16:13:45","guid":{"rendered":"https:\/\/informedperspectives.org\/faire-un-don\/"},"modified":"2025-12-16T07:34:16","modified_gmt":"2025-12-16T12:34:16","slug":"faire-un-don","status":"publish","type":"page","link":"https:\/\/informedperspectives.org\/fr\/faire-un-don\/","title":{"rendered":"Faire un don"},"content":{"rendered":"\n<div class=\"wp-block-columns justify-content-center is-layout-flex wp-container-core-columns-is-layout-28f84493 wp-block-columns-is-layout-flex\">\n<div class=\"wp-block-column container is-layout-flow wp-block-column-is-layout-flow\" style=\"flex-basis:540px\">\n<section class=\"content-hero  keela-hero \" >\n    <div class=\"container\">\n                    <div class=\"row\">\n                <div class=\"content none\">\n                    <h1>Rejoignez-nous pour aider \u00e0 <span style=\"color: #c72c72;\">amplifier<\/span> toutes les voix.<\/h1>\n<h3>Merci de contribuer \u00e0 faire du Canada un pays plus \u00e9quitable en soutenant le travail que nous accomplissons.<\/h3>\n<p>Gr\u00e2ce \u00e0 votre don, nous pourrons renforcer notre capacit\u00e9 \u00e0 recruter et former davantage de femmes et de personnes de diverses identit\u00e9s de genre, travailler \u00e0 r\u00e9\u00e9quilibrer le partage du pouvoir en politique et promouvoir le d\u00e9veloppement de nouvelles politiques et r\u00e9glementations permettant de mettre fin \u00e0 la violence en ligne.<\/p>\n                <\/div>\n            <\/div>\n                    <\/div>\n<\/section><\/div>\n<\/div>\n\n\n\n<div class=\"keela-embed-form\" data-src=\"https:\/\/give-can.keela.co\/embed\/bH9iXs3qdhG8iZEcg\">\n    <div class=\"keela-loading\"><div><\/div><div><\/div><div><\/div><div><\/div><\/div>\n<\/div>\n\n\n\n<div style=\"height:6.4rem\" aria-hidden=\"true\" class=\"wp-block-spacer\"><\/div>\n","protected":false},"excerpt":{"rendered":"","protected":false},"author":1,"featured_media":0,"parent":0,"menu_order":0,"comment_status":"closed","ping_status":"closed","template":"","meta":{"_acf_changed":false,"footnotes":""},"class_list":["post-91303","page","type-page","status-publish","hentry"],"acf":[],"yoast_head":"<!-- This site is optimized with the Yoast SEO plugin v26.6 - https:\/\/yoast.com\/wordpress\/plugins\/seo\/ -->\n<title>Faire un don - Informed Perspectives<\/title>\n<meta name=\"robots\" content=\"index, follow, max-snippet:-1, max-image-preview:large, max-video-preview:-1\" \/>\n<link rel=\"canonical\" href=\"https:\/\/informedperspectives.org\/fr\/faire-un-don\/\" \/>\n<meta property=\"og:locale\" content=\"fr_FR\" \/>\n<meta property=\"og:type\" content=\"article\" \/>\n<meta property=\"og:title\" content=\"Faire un don - Informed Perspectives\" \/>\n<meta property=\"og:url\" content=\"https:\/\/informedperspectives.org\/fr\/faire-un-don\/\" \/>\n<meta property=\"og:site_name\" content=\"Informed Perspectives\" \/>\n<meta property=\"article:modified_time\" content=\"2025-12-16T12:34:16+00:00\" \/>\n<meta name=\"twitter:card\" content=\"summary_large_image\" \/>\n<script type=\"application\/ld+json\" class=\"yoast-schema-graph\">{\"@context\":\"https:\/\/schema.org\",\"@graph\":[{\"@type\":\"WebPage\",\"@id\":\"https:\/\/informedperspectives.org\/fr\/faire-un-don\/\",\"url\":\"https:\/\/informedperspectives.org\/fr\/faire-un-don\/\",\"name\":\"Faire un don - Informed Perspectives\",\"isPartOf\":{\"@id\":\"https:\/\/informedperspectives.org\/fr\/#website\"},\"datePublished\":\"2025-04-09T16:13:45+00:00\",\"dateModified\":\"2025-12-16T12:34:16+00:00\",\"breadcrumb\":{\"@id\":\"https:\/\/informedperspectives.org\/fr\/faire-un-don\/#breadcrumb\"},\"inLanguage\":\"fr-FR\",\"potentialAction\":[{\"@type\":\"ReadAction\",\"target\":[\"https:\/\/informedperspectives.org\/fr\/faire-un-don\/\"]}]},{\"@type\":\"BreadcrumbList\",\"@id\":\"https:\/\/informedperspectives.org\/fr\/faire-un-don\/#breadcrumb\",\"itemListElement\":[{\"@type\":\"ListItem\",\"position\":1,\"name\":\"Home\",\"item\":\"https:\/\/informedperspectives.org\/fr\/\"},{\"@type\":\"ListItem\",\"position\":2,\"name\":\"Faire un don\"}]},{\"@type\":\"WebSite\",\"@id\":\"https:\/\/informedperspectives.org\/fr\/#website\",\"url\":\"https:\/\/informedperspectives.org\/fr\/\",\"name\":\"Informed Perspectives\",\"description\":\"Informed Perspectives amplifies the voices of women and gender-diverse people for a more equitable society\",\"potentialAction\":[{\"@type\":\"SearchAction\",\"target\":{\"@type\":\"EntryPoint\",\"urlTemplate\":\"https:\/\/informedperspectives.org\/fr\/?s={search_term_string}\"},\"query-input\":{\"@type\":\"PropertyValueSpecification\",\"valueRequired\":true,\"valueName\":\"search_term_string\"}}],\"inLanguage\":\"fr-FR\"}]}<\/script>\n<!-- \/ Yoast SEO plugin. -->","yoast_head_json":{"title":"Faire un don - Informed Perspectives","robots":{"index":"index","follow":"follow","max-snippet":"max-snippet:-1","max-image-preview":"max-image-preview:large","max-video-preview":"max-video-preview:-1"},"canonical":"https:\/\/informedperspectives.org\/fr\/faire-un-don\/","og_locale":"fr_FR","og_type":"article","og_title":"Faire un don - Informed Perspectives","og_url":"https:\/\/informedperspectives.org\/fr\/faire-un-don\/","og_site_name":"Informed Perspectives","article_modified_time":"2025-12-16T12:34:16+00:00","twitter_card":"summary_large_image","schema":{"@context":"https:\/\/schema.org","@graph":[{"@type":"WebPage","@id":"https:\/\/informedperspectives.org\/fr\/faire-un-don\/","url":"https:\/\/informedperspectives.org\/fr\/faire-un-don\/","name":"Faire un don - Informed Perspectives","isPartOf":{"@id":"https:\/\/informedperspectives.org\/fr\/#website"},"datePublished":"2025-04-09T16:13:45+00:00","dateModified":"2025-12-16T12:34:16+00:00","breadcrumb":{"@id":"https:\/\/informedperspectives.org\/fr\/faire-un-don\/#breadcrumb"},"inLanguage":"fr-FR","potentialAction":[{"@type":"ReadAction","target":["https:\/\/informedperspectives.org\/fr\/faire-un-don\/"]}]},{"@type":"BreadcrumbList","@id":"https:\/\/informedperspectives.org\/fr\/faire-un-don\/#breadcrumb","itemListElement":[{"@type":"ListItem","position":1,"name":"Home","item":"https:\/\/informedperspectives.org\/fr\/"},{"@type":"ListItem","position":2,"name":"Faire un don"}]},{"@type":"WebSite","@id":"https:\/\/informedperspectives.org\/fr\/#website","url":"https:\/\/informedperspectives.org\/fr\/","name":"Informed Perspectives","description":"Informed Perspectives amplifies the voices of women and gender-diverse people for a more equitable society","potentialAction":[{"@type":"SearchAction","target":{"@type":"EntryPoint","urlTemplate":"https:\/\/informedperspectives.org\/fr\/?s={search_term_string}"},"query-input":{"@type":"PropertyValueSpecification","valueRequired":true,"valueName":"search_term_string"}}],"inLanguage":"fr-FR"}]}},"jetpack_sharing_enabled":true,"_links":{"self":[{"href":"https:\/\/informedperspectives.org\/fr\/wp-json\/wp\/v2\/pages\/91303","targetHints":{"allow":["GET"]}}],"collection":[{"href":"https:\/\/informedperspectives.org\/fr\/wp-json\/wp\/v2\/pages"}],"about":[{"href":"https:\/\/informedperspectives.org\/fr\/wp-json\/wp\/v2\/types\/page"}],"author":[{"embeddable":true,"href":"https:\/\/informedperspectives.org\/fr\/wp-json\/wp\/v2\/users\/1"}],"replies":[{"embeddable":true,"href":"https:\/\/informedperspectives.org\/fr\/wp-json\/wp\/v2\/comments?post=91303"}],"version-history":[{"count":12,"href":"https:\/\/informedperspectives.org\/fr\/wp-json\/wp\/v2\/pages\/91303\/revisions"}],"predecessor-version":[{"id":93445,"href":"https:\/\/informedperspectives.org\/fr\/wp-json\/wp\/v2\/pages\/91303\/revisions\/93445"}],"wp:attachment":[{"href":"https:\/\/informedperspectives.org\/fr\/wp-json\/wp\/v2\/media?parent=91303"}],"curies":[{"name":"wp","href":"https:\/\/api.w.org\/{rel}","templated":true}]}}